{"id":778,"date":"2024-04-02T14:17:48","date_gmt":"2024-04-02T12:17:48","guid":{"rendered":"https:\/\/ubahostel.net\/nolakoa-da-uba-hostel\/instalaciones-de-uba-hostel\/"},"modified":"2024-12-10T10:32:46","modified_gmt":"2024-12-10T09:32:46","slug":"instalazioak-uba-hostel","status":"publish","type":"page","link":"https:\/\/ubahostel.net\/eu\/nolakoa-da-uba-hostel\/instalazioak-uba-hostel\/","title":{"rendered":"Instalazioak Uba Hostel"},"content":{"rendered":"<p>[et_pb_section fb_built=&#8221;1&#8243; _builder_version=&#8221;4.24.2&#8243; _module_preset=&#8221;default&#8221; use_background_color_gradient=&#8221;on&#8221; background_color_gradient_stops=&#8221;rgba(0,0,0,0.3) 0%|rgba(0,0,0,0.3) 100%&#8221; background_color_gradient_overlays_image=&#8221;on&#8221; background_image=&#8221;https:\/\/ubahostel.net\/wp-content\/uploads\/2024\/04\/instalaciones-deportes.jpg&#8221; custom_padding=&#8221;||0px||false|false&#8221; global_colors_info=&#8221;{}&#8221;][et_pb_row _builder_version=&#8221;4.24.2&#8243; _module_preset=&#8221;default&#8221; global_colors_info=&#8221;{}&#8221;][et_pb_column type=&#8221;4_4&#8243; _builder_version=&#8221;4.24.2&#8243; _module_preset=&#8221;default&#8221; global_colors_info=&#8221;{}&#8221;][et_pb_text admin_label=&#8221;Titulo&#8221; _builder_version=&#8221;4.24.2&#8243; _module_preset=&#8221;default&#8221; text_font_size=&#8221;20px&#8221; header_font=&#8221;|800||on|||||&#8221; header_text_align=&#8221;center&#8221; header_font_size=&#8221;36px&#8221; text_orientation=&#8221;center&#8221; background_layout=&#8221;dark&#8221; header_text_shadow_style=&#8221;preset1&#8243; global_colors_info=&#8221;{}&#8221;]<\/p>\n<h1>INSTALAZIOAK UBA HOSTEL<\/h1>\n<p>Ostatuan behar duzun guztia eta gehiago.<\/p>\n<p>[\/et_pb_text][\/et_pb_column][\/et_pb_row][\/et_pb_section][et_pb_section fb_built=&#8221;1&#8243; _builder_version=&#8221;4.24.2&#8243; _module_preset=&#8221;default&#8221; global_colors_info=&#8221;{}&#8221;][et_pb_row _builder_version=&#8221;4.24.2&#8243; _module_preset=&#8221;default&#8221; global_colors_info=&#8221;{}&#8221;][et_pb_column type=&#8221;4_4&#8243; _builder_version=&#8221;4.24.2&#8243; _module_preset=&#8221;default&#8221; global_colors_info=&#8221;{}&#8221;][et_pb_text _builder_version=&#8221;4.24.2&#8243; _module_preset=&#8221;default&#8221; global_colors_info=&#8221;{}&#8221;]<\/p>\n<p>Uba Hostelek dituen askotariko zerbitzuak direla eta, leku ezin hobea da erosotasuna eta naturarekiko harremana uztartu nahi dituzten taldeentzat, familientzat eta edozein pertsona-motarentzat; izan ere, ingurune lasaian, baina Donostiako erdigunetik gertu baitago.<\/p>\n<p>Ametzagainako parkearen bista ikusgarriak ditugu, doako aparkalekua (autobusentzat eta ibilgailu partikularrentzako egokia), 24 orduko harrera, doako wifia, toallen alokairua, taberna-jatetxea, egongela, terrazak, lorategiak, garbitegia eta beste hainbat zerbitzu ditugu.<\/p>\n<p>[\/et_pb_text][\/et_pb_column][\/et_pb_row][\/et_pb_section][et_pb_section fb_built=&#8221;1&#8243; admin_label=&#8221;Secci\u00f3n con fondo gris&#8221; _builder_version=&#8221;4.24.2&#8243; _module_preset=&#8221;default&#8221; background_color=&#8221;rgba(0,0,0,0.05)&#8221; global_colors_info=&#8221;{}&#8221;][et_pb_row column_structure=&#8221;1_2,1_2&#8243; _builder_version=&#8221;4.24.2&#8243; _module_preset=&#8221;default&#8221; global_colors_info=&#8221;{}&#8221;][et_pb_column type=&#8221;1_2&#8243; _builder_version=&#8221;4.24.2&#8243; _module_preset=&#8221;default&#8221; global_colors_info=&#8221;{}&#8221;][et_pb_image src=&#8221;https:\/\/ubahostel.net\/wp-content\/uploads\/2024\/04\/instalaciones-4.jpg&#8221; title_text=&#8221;instalaciones-4&#8243; _builder_version=&#8221;4.24.2&#8243; _module_preset=&#8221;default&#8221; global_colors_info=&#8221;{}&#8221;][\/et_pb_image][\/et_pb_column][et_pb_column type=&#8221;1_2&#8243; _builder_version=&#8221;4.24.2&#8243; _module_preset=&#8221;default&#8221; global_colors_info=&#8221;{}&#8221;][et_pb_divider show_divider=&#8221;off&#8221; _builder_version=&#8221;4.24.2&#8243; _module_preset=&#8221;default&#8221; min_height=&#8221;50px&#8221; global_colors_info=&#8221;{}&#8221;][\/et_pb_divider][et_pb_text _builder_version=&#8221;4.24.2&#8243; _module_preset=&#8221;default&#8221; global_colors_info=&#8221;{}&#8221;]<\/p>\n<h2>Doako aparkalekua<\/h2>\n<p>Uba Hostelek edukiera handiko <strong>doako aparkalekua<\/strong> du autobusetarako, minibusetarako eta ibilgailuetarako; ez duzu aparkatzeko arazorik izango.<\/p>\n<p>[\/et_pb_text][\/et_pb_column][\/et_pb_row][\/et_pb_section][et_pb_section fb_built=&#8221;1&#8243; admin_label=&#8221;Secci\u00f3n sin fondo&#8221; _builder_version=&#8221;4.24.2&#8243; _module_preset=&#8221;default&#8221; global_colors_info=&#8221;{}&#8221;][et_pb_row column_structure=&#8221;1_2,1_2&#8243; _builder_version=&#8221;4.24.2&#8243; _module_preset=&#8221;default&#8221; global_colors_info=&#8221;{}&#8221;][et_pb_column type=&#8221;1_2&#8243; _builder_version=&#8221;4.24.2&#8243; _module_preset=&#8221;default&#8221; global_colors_info=&#8221;{}&#8221;][et_pb_image src=&#8221;https:\/\/ubahostel.net\/wp-content\/uploads\/2024\/04\/instalaciones-taquillas.jpg&#8221; title_text=&#8221;instalaciones-taquillas&#8221; _builder_version=&#8221;4.24.2&#8243; _module_preset=&#8221;default&#8221; global_colors_info=&#8221;{}&#8221;][\/et_pb_image][\/et_pb_column][et_pb_column type=&#8221;1_2&#8243; _builder_version=&#8221;4.24.2&#8243; _module_preset=&#8221;default&#8221; global_colors_info=&#8221;{}&#8221;][et_pb_divider show_divider=&#8221;off&#8221; _builder_version=&#8221;4.27.0&#8243; _module_preset=&#8221;default&#8221; min_height=&#8221;30px&#8221; hover_enabled=&#8221;0&#8243; global_colors_info=&#8221;{}&#8221; sticky_enabled=&#8221;0&#8243;][\/et_pb_divider][et_pb_text _builder_version=&#8221;4.27.0&#8243; _module_preset=&#8221;default&#8221; hover_enabled=&#8221;0&#8243; global_colors_info=&#8221;{}&#8221; sticky_enabled=&#8221;0&#8243;]<\/p>\n<h2>Harrera 24 orduz<\/h2>\n<p>Gure harrera <strong>eguneko 24 ordutan dago zuretzat eskuragarri<\/strong>. Turismo arloko informazioa, hiri-garraioko ordutegiak, instalazioen erreserba eta behar izan dezakezun edozein zerbitzu edo informazio eskaintzen dizkizugu bertan.<\/p>\n<ul>\n<li><strong>Check in:<\/strong> 15:00etatik 23:00etara.<\/li>\n<li><strong>Check out:<\/strong> 11:00ak arte.<\/li>\n<\/ul>\n<p>Halaber,<strong> toallak alokatzeko<\/strong> zerbitzua eta zure egonaldian behar duzuna gordetzeko<strong> doako kontsigna giltzadunak<\/strong> ditugu.<\/p>\n<p>[\/et_pb_text][\/et_pb_column][\/et_pb_row][\/et_pb_section][et_pb_section fb_built=&#8221;1&#8243; admin_label=&#8221;Secci\u00f3n con fondo gris&#8221; _builder_version=&#8221;4.24.2&#8243; _module_preset=&#8221;default&#8221; background_color=&#8221;rgba(0,0,0,0.05)&#8221; global_colors_info=&#8221;{}&#8221;][et_pb_row column_structure=&#8221;1_2,1_2&#8243; _builder_version=&#8221;4.24.2&#8243; _module_preset=&#8221;default&#8221; global_colors_info=&#8221;{}&#8221;][et_pb_column type=&#8221;1_2&#8243; _builder_version=&#8221;4.24.2&#8243; _module_preset=&#8221;default&#8221; global_colors_info=&#8221;{}&#8221;][et_pb_image src=&#8221;https:\/\/ubahostel.net\/wp-content\/uploads\/2024\/04\/habitaciones-uba-2-camas.jpg&#8221; title_text=&#8221;habitaciones-uba-2-camas&#8221; _builder_version=&#8221;4.24.2&#8243; _module_preset=&#8221;default&#8221; global_colors_info=&#8221;{}&#8221;][\/et_pb_image][\/et_pb_column][et_pb_column type=&#8221;1_2&#8243; _builder_version=&#8221;4.24.2&#8243; _module_preset=&#8221;default&#8221; global_colors_info=&#8221;{}&#8221;][et_pb_divider show_divider=&#8221;off&#8221; _builder_version=&#8221;4.24.2&#8243; _module_preset=&#8221;default&#8221; min_height=&#8221;50px&#8221; global_colors_info=&#8221;{}&#8221;][\/et_pb_divider][et_pb_text _builder_version=&#8221;4.24.2&#8243; _module_preset=&#8221;default&#8221; global_colors_info=&#8221;{}&#8221;]<\/p>\n<h2>Habitaciones<\/h2>\n<p>Uba hostel tiene <strong>196 plazas<\/strong> de alojamiento repartidas en habitaciones dobles, cu\u00e1druples y s\u00e9xtuples, con ba\u00f1os privados en tddos los casos.<\/p>\n<p>En algunas habitaciones es posible <strong>alojarte con tu mascota o disponer de cama supletoria<\/strong> bajo petici\u00f3n.<\/p>\n<p>[\/et_pb_text][et_pb_button button_url=&#8221;https:\/\/ubahostel.net\/eu\/nolakoa-da-uba-hostel\/uba-hosteleko-logelak\/&#8221; button_text=&#8221;+ info&#8221; _builder_version=&#8221;4.24.2&#8243; _module_preset=&#8221;default&#8221; global_colors_info=&#8221;{}&#8221;][\/et_pb_button][\/et_pb_column][\/et_pb_row][\/et_pb_section][et_pb_section fb_built=&#8221;1&#8243; admin_label=&#8221;Secci\u00f3n sin fondo&#8221; _builder_version=&#8221;4.24.2&#8243; _module_preset=&#8221;default&#8221; global_colors_info=&#8221;{}&#8221;][et_pb_row column_structure=&#8221;1_2,1_2&#8243; _builder_version=&#8221;4.24.2&#8243; _module_preset=&#8221;default&#8221; global_colors_info=&#8221;{}&#8221;][et_pb_column type=&#8221;1_2&#8243; _builder_version=&#8221;4.24.2&#8243; _module_preset=&#8221;default&#8221; global_colors_info=&#8221;{}&#8221;][et_pb_image src=&#8221;https:\/\/ubahostel.net\/wp-content\/uploads\/2024\/04\/pintxos.jpeg&#8221; title_text=&#8221;pintxos&#8221; _builder_version=&#8221;4.24.2&#8243; _module_preset=&#8221;default&#8221; global_colors_info=&#8221;{}&#8221;][\/et_pb_image][\/et_pb_column][et_pb_column type=&#8221;1_2&#8243; _builder_version=&#8221;4.24.2&#8243; _module_preset=&#8221;default&#8221; global_colors_info=&#8221;{}&#8221;][et_pb_divider show_divider=&#8221;off&#8221; _builder_version=&#8221;4.24.2&#8243; _module_preset=&#8221;default&#8221; min_height=&#8221;50px&#8221; global_colors_info=&#8221;{}&#8221;][\/et_pb_divider][et_pb_text _builder_version=&#8221;4.24.2&#8243; _module_preset=&#8221;default&#8221; global_colors_info=&#8221;{}&#8221;]<\/p>\n<h2>Restaurante &#8211; Otxoki Taberna<\/h2>\n<p>Uba Hosteleko Otxoki Taberna jatetxearen jantokiak gosariak eskaintzen ditu,<strong> ostatu-tarifan sartuta ez daudenak<\/strong>.<\/p>\n<p>Eta eguna Donostia bisitatzen igaro nahi baduzu edo txangoa egitera bazoaz, eramateko <strong>piknik<\/strong> praktiko bat prestatuko dizugu.<\/p>\n<p>[\/et_pb_text][et_pb_button button_url=&#8221;https:\/\/ubahostel.net\/eu\/jatetxea-otxoki-taberna\/&#8221; button_text=&#8221;Otxoki Taberna&#8221; _builder_version=&#8221;4.24.2&#8243; _module_preset=&#8221;default&#8221; global_colors_info=&#8221;{}&#8221;][\/et_pb_button][\/et_pb_column][\/et_pb_row][\/et_pb_section][et_pb_section fb_built=&#8221;1&#8243; admin_label=&#8221;Secci\u00f3n con fondo gris&#8221; _builder_version=&#8221;4.24.2&#8243; _module_preset=&#8221;default&#8221; background_color=&#8221;rgba(0,0,0,0.05)&#8221; global_colors_info=&#8221;{}&#8221;][et_pb_row column_structure=&#8221;1_2,1_2&#8243; _builder_version=&#8221;4.24.2&#8243; _module_preset=&#8221;default&#8221; global_colors_info=&#8221;{}&#8221;][et_pb_column type=&#8221;1_2&#8243; _builder_version=&#8221;4.24.2&#8243; _module_preset=&#8221;default&#8221; global_colors_info=&#8221;{}&#8221;][et_pb_image src=&#8221;https:\/\/ubahostel.net\/wp-content\/uploads\/2024\/04\/instalaciones-2.jpg&#8221; title_text=&#8221;instalaciones-2&#8243; _builder_version=&#8221;4.24.2&#8243; _module_preset=&#8221;default&#8221; global_colors_info=&#8221;{}&#8221;][\/et_pb_image][\/et_pb_column][et_pb_column type=&#8221;1_2&#8243; _builder_version=&#8221;4.24.2&#8243; _module_preset=&#8221;default&#8221; global_colors_info=&#8221;{}&#8221;][et_pb_divider show_divider=&#8221;off&#8221; _builder_version=&#8221;4.24.2&#8243; _module_preset=&#8221;default&#8221; min_height=&#8221;50px&#8221; global_colors_info=&#8221;{}&#8221;][\/et_pb_divider][et_pb_text _builder_version=&#8221;4.24.2&#8243; _module_preset=&#8221;default&#8221; global_colors_info=&#8221;{}&#8221;]<\/p>\n<h2>Terraza Bar<\/h2>\n<p>Uba Hostelen kanpoaldean terraza eder bat daukagu basora begira erlaxatzeko, naturarekin kontaktuan.<\/p>\n<p>Ezin hobea goizez, arratsaldez eta gauez, eguzkia hartzeko, hitz egiteko, lagun berriak egiteko, irakurtzeko, zerbait hartzeko, zure Donostiako paseoa edo gaueko irteera antolatzeko, musika entzuteko&#8230; eta are gehiago, <strong>zure ospakizunetarako gorde dezakezu<\/strong>.<\/p>\n<p>[\/et_pb_text][\/et_pb_column][\/et_pb_row][\/et_pb_section][et_pb_section fb_built=&#8221;1&#8243; admin_label=&#8221;Secci\u00f3n sin fondo&#8221; _builder_version=&#8221;4.24.2&#8243; _module_preset=&#8221;default&#8221; global_colors_info=&#8221;{}&#8221;][et_pb_row column_structure=&#8221;1_2,1_2&#8243; _builder_version=&#8221;4.24.2&#8243; _module_preset=&#8221;default&#8221; global_colors_info=&#8221;{}&#8221;][et_pb_column type=&#8221;1_2&#8243; _builder_version=&#8221;4.24.2&#8243; _module_preset=&#8221;default&#8221; global_colors_info=&#8221;{}&#8221;][et_pb_image src=&#8221;https:\/\/ubahostel.net\/wp-content\/uploads\/2024\/04\/instalaciones-lavanderia.jpg&#8221; title_text=&#8221;instalaciones-lavanderia&#8221; _builder_version=&#8221;4.24.2&#8243; _module_preset=&#8221;default&#8221; global_colors_info=&#8221;{}&#8221;][\/et_pb_image][\/et_pb_column][et_pb_column type=&#8221;1_2&#8243; _builder_version=&#8221;4.24.2&#8243; _module_preset=&#8221;default&#8221; global_colors_info=&#8221;{}&#8221;][et_pb_divider show_divider=&#8221;off&#8221; _builder_version=&#8221;4.24.2&#8243; _module_preset=&#8221;default&#8221; min_height=&#8221;50px&#8221; global_colors_info=&#8221;{}&#8221;][\/et_pb_divider][et_pb_text _builder_version=&#8221;4.24.2&#8243; _module_preset=&#8221;default&#8221; global_colors_info=&#8221;{}&#8221;]<\/p>\n<h2>Garbitegia<\/h2>\n<p>Uba Hostelek garbitegia du hirugarren solairuan. Autozerbitzua da eta fitxak harreran eros daitezke. Garbigailua (xaboia barne) eta lehorgailua daude.<\/p>\n<p>[\/et_pb_text][\/et_pb_column][\/et_pb_row][\/et_pb_section][et_pb_section fb_built=&#8221;1&#8243; admin_label=&#8221;Secci\u00f3n con fondo gris&#8221; _builder_version=&#8221;4.24.2&#8243; _module_preset=&#8221;default&#8221; background_color=&#8221;rgba(0,0,0,0.05)&#8221; global_colors_info=&#8221;{}&#8221;][et_pb_row column_structure=&#8221;1_2,1_2&#8243; _builder_version=&#8221;4.24.2&#8243; _module_preset=&#8221;default&#8221; global_colors_info=&#8221;{}&#8221;][et_pb_column type=&#8221;1_2&#8243; _builder_version=&#8221;4.24.2&#8243; _module_preset=&#8221;default&#8221; global_colors_info=&#8221;{}&#8221;][et_pb_image src=&#8221;https:\/\/ubahostel.net\/wp-content\/uploads\/2024\/04\/instalaciones-deportes.jpg&#8221; title_text=&#8221;instalaciones-deportes&#8221; _builder_version=&#8221;4.24.2&#8243; _module_preset=&#8221;default&#8221; global_colors_info=&#8221;{}&#8221;][\/et_pb_image][\/et_pb_column][et_pb_column type=&#8221;1_2&#8243; _builder_version=&#8221;4.24.2&#8243; _module_preset=&#8221;default&#8221; global_colors_info=&#8221;{}&#8221;][et_pb_divider show_divider=&#8221;off&#8221; _builder_version=&#8221;4.24.2&#8243; _module_preset=&#8221;default&#8221; min_height=&#8221;50px&#8221; global_colors_info=&#8221;{}&#8221;][\/et_pb_divider][et_pb_text _builder_version=&#8221;4.24.2&#8243; _module_preset=&#8221;default&#8221; global_colors_info=&#8221;{}&#8221;]<\/p>\n<h2>Kirol-instalazioak<\/h2>\n<p>Uba Hostelek ostatu-hartzaileentzako kirol-gune bat du, doan sartzeko modukoa, eta aire zabaleko futbito-zelai bat, naturaren erdian partida bat jokatzeko aukera ematen duena, ikuspegi ederrekin.<\/p>\n<p>[\/et_pb_text][\/et_pb_column][\/et_pb_row][\/et_pb_section][et_pb_section fb_built=&#8221;1&#8243; admin_label=&#8221;Secci\u00f3n sin fondo&#8221; _builder_version=&#8221;4.24.2&#8243; _module_preset=&#8221;default&#8221; global_colors_info=&#8221;{}&#8221;][et_pb_row column_structure=&#8221;1_2,1_2&#8243; _builder_version=&#8221;4.24.2&#8243; _module_preset=&#8221;default&#8221; global_colors_info=&#8221;{}&#8221;][et_pb_column type=&#8221;1_2&#8243; _builder_version=&#8221;4.24.2&#8243; _module_preset=&#8221;default&#8221; global_colors_info=&#8221;{}&#8221;][et_pb_image src=&#8221;https:\/\/ubahostel.net\/wp-content\/uploads\/2024\/04\/instalaciones-4.jpg&#8221; title_text=&#8221;instalaciones-4&#8243; _builder_version=&#8221;4.24.2&#8243; _module_preset=&#8221;default&#8221; global_colors_info=&#8221;{}&#8221;][\/et_pb_image][\/et_pb_column][et_pb_column type=&#8221;1_2&#8243; _builder_version=&#8221;4.24.2&#8243; _module_preset=&#8221;default&#8221; global_colors_info=&#8221;{}&#8221;][et_pb_divider show_divider=&#8221;off&#8221; _builder_version=&#8221;4.24.2&#8243; _module_preset=&#8221;default&#8221; min_height=&#8221;50px&#8221; global_colors_info=&#8221;{}&#8221;][\/et_pb_divider][et_pb_text _builder_version=&#8221;4.24.2&#8243; _module_preset=&#8221;default&#8221; global_colors_info=&#8221;{}&#8221;]<\/p>\n<h2>Lorategien gunea<\/h2>\n<p style=\"margin: 0cm; vertical-align: baseline;\">Uba Hostel Ametzagaina parkean dago, Donostiako birika berdeetako batean. Zuhaitza, txorien hirugiharra, aire garbia&#8230;<\/p>\n<p><strong>Lorategiak eta zuhaitz handiak<\/strong> daude eraikinaren inguruan, eta atseden hartzeko eta freskatzeko aukera ematen diete ostatu hartzen dutenei.<\/p>\n<p>[\/et_pb_text][\/et_pb_column][\/et_pb_row][\/et_pb_section]<\/p>\n","protected":false},"excerpt":{"rendered":"<p>INSTALAZIOAK UBA HOSTEL Ostatuan behar duzun guztia eta gehiago.Uba Hostelek dituen askotariko zerbitzuak direla eta, leku ezin hobea da erosotasuna eta naturarekiko harremana uztartu nahi dituzten taldeentzat, familientzat eta edozein pertsona-motarentzat; izan ere, ingurune lasaian, baina Donostiako erdigunetik gertu baitago. Ametzagainako parkearen bista ikusgarriak ditugu, doako aparkalekua (autobusentzat eta ibilgailu partikularrentzako egokia), 24 orduko harrera, [&hellip;]<\/p>\n","protected":false},"author":1,"featured_media":0,"parent":577,"menu_order":0,"comment_status":"closed","ping_status":"closed","template":"","meta":{"_et_pb_use_builder":"on","_et_pb_old_content":"","_et_gb_content_width":"","_exactmetrics_skip_tracking":false,"_exactmetrics_sitenote_active":false,"_exactmetrics_sitenote_note":"","_exactmetrics_sitenote_category":0,"footnotes":""},"class_list":["post-778","page","type-page","status-publish","hentry"],"yoast_head":"<!-- This site is optimized with the Yoast SEO plugin v26.4 - https:\/\/yoast.com\/wordpress\/plugins\/seo\/ -->\n<title>Instalazioak Uba Hostel | Uba Hostel<\/title>\n<meta name=\"robots\" content=\"index, follow, max-snippet:-1, max-image-preview:large, max-video-preview:-1\" \/>\n<link rel=\"canonical\" href=\"https:\/\/ubahostel.net\/eu\/nolakoa-da-uba-hostel\/instalazioak-uba-hostel\/\" \/>\n<meta property=\"og:locale\" content=\"eu_ES\" \/>\n<meta property=\"og:type\" content=\"article\" \/>\n<meta property=\"og:title\" content=\"Instalazioak Uba Hostel | Uba Hostel\" \/>\n<meta property=\"og:description\" content=\"INSTALAZIOAK UBA HOSTEL Ostatuan behar duzun guztia eta gehiago.Uba Hostelek dituen askotariko zerbitzuak direla eta, leku ezin hobea da erosotasuna eta naturarekiko harremana uztartu nahi dituzten taldeentzat, familientzat eta edozein pertsona-motarentzat; izan ere, ingurune lasaian, baina Donostiako erdigunetik gertu baitago. Ametzagainako parkearen bista ikusgarriak ditugu, doako aparkalekua (autobusentzat eta ibilgailu partikularrentzako egokia), 24 orduko harrera, [&hellip;]\" \/>\n<meta property=\"og:url\" content=\"https:\/\/ubahostel.net\/eu\/nolakoa-da-uba-hostel\/instalazioak-uba-hostel\/\" \/>\n<meta property=\"og:site_name\" content=\"Uba Hostel\" \/>\n<meta property=\"article:modified_time\" content=\"2024-12-10T09:32:46+00:00\" \/>\n<meta property=\"og:image\" content=\"https:\/\/ubahostel.net\/wp-content\/uploads\/2024\/03\/UbaHostel-V1.jpg\" \/>\n\t<meta property=\"og:image:width\" content=\"305\" \/>\n\t<meta property=\"og:image:height\" content=\"246\" \/>\n\t<meta property=\"og:image:type\" content=\"image\/jpeg\" \/>\n<meta name=\"twitter:card\" content=\"summary_large_image\" \/>\n<meta name=\"twitter:label1\" content=\"Est. reading time\" \/>\n\t<meta name=\"twitter:data1\" content=\"8 minutes\" \/>\n<script type=\"application\/ld+json\" class=\"yoast-schema-graph\">{\"@context\":\"https:\/\/schema.org\",\"@graph\":[{\"@type\":\"WebPage\",\"@id\":\"https:\/\/ubahostel.net\/eu\/nolakoa-da-uba-hostel\/instalazioak-uba-hostel\/\",\"url\":\"https:\/\/ubahostel.net\/eu\/nolakoa-da-uba-hostel\/instalazioak-uba-hostel\/\",\"name\":\"Instalazioak Uba Hostel | Uba Hostel\",\"isPartOf\":{\"@id\":\"https:\/\/ubahostel.net\/#website\"},\"datePublished\":\"2024-04-02T12:17:48+00:00\",\"dateModified\":\"2024-12-10T09:32:46+00:00\",\"breadcrumb\":{\"@id\":\"https:\/\/ubahostel.net\/eu\/nolakoa-da-uba-hostel\/instalazioak-uba-hostel\/#breadcrumb\"},\"inLanguage\":\"eu-ES\",\"potentialAction\":[{\"@type\":\"ReadAction\",\"target\":[\"https:\/\/ubahostel.net\/eu\/nolakoa-da-uba-hostel\/instalazioak-uba-hostel\/\"]}]},{\"@type\":\"BreadcrumbList\",\"@id\":\"https:\/\/ubahostel.net\/eu\/nolakoa-da-uba-hostel\/instalazioak-uba-hostel\/#breadcrumb\",\"itemListElement\":[{\"@type\":\"ListItem\",\"position\":1,\"name\":\"Portada\",\"item\":\"https:\/\/ubahostel.net\/eu\/\"},{\"@type\":\"ListItem\",\"position\":2,\"name\":\"Nolakoa da Uba Hostel\",\"item\":\"https:\/\/ubahostel.net\/eu\/nolakoa-da-uba-hostel\/\"},{\"@type\":\"ListItem\",\"position\":3,\"name\":\"Instalazioak Uba Hostel\"}]},{\"@type\":\"WebSite\",\"@id\":\"https:\/\/ubahostel.net\/#website\",\"url\":\"https:\/\/ubahostel.net\/\",\"name\":\"Uba Hostel\",\"description\":\"Uba Hostel en Donostia - San Sebastian\",\"alternateName\":\"Hostel en Donostia - San Sebastian\",\"potentialAction\":[{\"@type\":\"SearchAction\",\"target\":{\"@type\":\"EntryPoint\",\"urlTemplate\":\"https:\/\/ubahostel.net\/?s={search_term_string}\"},\"query-input\":{\"@type\":\"PropertyValueSpecification\",\"valueRequired\":true,\"valueName\":\"search_term_string\"}}],\"inLanguage\":\"eu-ES\"}]}<\/script>\n<!-- \/ Yoast SEO plugin. -->","yoast_head_json":{"title":"Instalazioak Uba Hostel | Uba Hostel","robots":{"index":"index","follow":"follow","max-snippet":"max-snippet:-1","max-image-preview":"max-image-preview:large","max-video-preview":"max-video-preview:-1"},"canonical":"https:\/\/ubahostel.net\/eu\/nolakoa-da-uba-hostel\/instalazioak-uba-hostel\/","og_locale":"eu_ES","og_type":"article","og_title":"Instalazioak Uba Hostel | Uba Hostel","og_description":"INSTALAZIOAK UBA HOSTEL Ostatuan behar duzun guztia eta gehiago.Uba Hostelek dituen askotariko zerbitzuak direla eta, leku ezin hobea da erosotasuna eta naturarekiko harremana uztartu nahi dituzten taldeentzat, familientzat eta edozein pertsona-motarentzat; izan ere, ingurune lasaian, baina Donostiako erdigunetik gertu baitago. Ametzagainako parkearen bista ikusgarriak ditugu, doako aparkalekua (autobusentzat eta ibilgailu partikularrentzako egokia), 24 orduko harrera, [&hellip;]","og_url":"https:\/\/ubahostel.net\/eu\/nolakoa-da-uba-hostel\/instalazioak-uba-hostel\/","og_site_name":"Uba Hostel","article_modified_time":"2024-12-10T09:32:46+00:00","og_image":[{"width":305,"height":246,"url":"https:\/\/ubahostel.net\/wp-content\/uploads\/2024\/03\/UbaHostel-V1.jpg","type":"image\/jpeg"}],"twitter_card":"summary_large_image","twitter_misc":{"Est. reading time":"8 minutes"},"schema":{"@context":"https:\/\/schema.org","@graph":[{"@type":"WebPage","@id":"https:\/\/ubahostel.net\/eu\/nolakoa-da-uba-hostel\/instalazioak-uba-hostel\/","url":"https:\/\/ubahostel.net\/eu\/nolakoa-da-uba-hostel\/instalazioak-uba-hostel\/","name":"Instalazioak Uba Hostel | Uba Hostel","isPartOf":{"@id":"https:\/\/ubahostel.net\/#website"},"datePublished":"2024-04-02T12:17:48+00:00","dateModified":"2024-12-10T09:32:46+00:00","breadcrumb":{"@id":"https:\/\/ubahostel.net\/eu\/nolakoa-da-uba-hostel\/instalazioak-uba-hostel\/#breadcrumb"},"inLanguage":"eu-ES","potentialAction":[{"@type":"ReadAction","target":["https:\/\/ubahostel.net\/eu\/nolakoa-da-uba-hostel\/instalazioak-uba-hostel\/"]}]},{"@type":"BreadcrumbList","@id":"https:\/\/ubahostel.net\/eu\/nolakoa-da-uba-hostel\/instalazioak-uba-hostel\/#breadcrumb","itemListElement":[{"@type":"ListItem","position":1,"name":"Portada","item":"https:\/\/ubahostel.net\/eu\/"},{"@type":"ListItem","position":2,"name":"Nolakoa da Uba Hostel","item":"https:\/\/ubahostel.net\/eu\/nolakoa-da-uba-hostel\/"},{"@type":"ListItem","position":3,"name":"Instalazioak Uba Hostel"}]},{"@type":"WebSite","@id":"https:\/\/ubahostel.net\/#website","url":"https:\/\/ubahostel.net\/","name":"Uba Hostel","description":"Uba Hostel en Donostia - San Sebastian","alternateName":"Hostel en Donostia - San Sebastian","potentialAction":[{"@type":"SearchAction","target":{"@type":"EntryPoint","urlTemplate":"https:\/\/ubahostel.net\/?s={search_term_string}"},"query-input":{"@type":"PropertyValueSpecification","valueRequired":true,"valueName":"search_term_string"}}],"inLanguage":"eu-ES"}]}},"_links":{"self":[{"href":"https:\/\/ubahostel.net\/eu\/wp-json\/wp\/v2\/pages\/778","targetHints":{"allow":["GET"]}}],"collection":[{"href":"https:\/\/ubahostel.net\/eu\/wp-json\/wp\/v2\/pages"}],"about":[{"href":"https:\/\/ubahostel.net\/eu\/wp-json\/wp\/v2\/types\/page"}],"author":[{"embeddable":true,"href":"https:\/\/ubahostel.net\/eu\/wp-json\/wp\/v2\/users\/1"}],"replies":[{"embeddable":true,"href":"https:\/\/ubahostel.net\/eu\/wp-json\/wp\/v2\/comments?post=778"}],"version-history":[{"count":5,"href":"https:\/\/ubahostel.net\/eu\/wp-json\/wp\/v2\/pages\/778\/revisions"}],"predecessor-version":[{"id":1573,"href":"https:\/\/ubahostel.net\/eu\/wp-json\/wp\/v2\/pages\/778\/revisions\/1573"}],"up":[{"embeddable":true,"href":"https:\/\/ubahostel.net\/eu\/wp-json\/wp\/v2\/pages\/577"}],"wp:attachment":[{"href":"https:\/\/ubahostel.net\/eu\/wp-json\/wp\/v2\/media?parent=778"}],"curies":[{"name":"wp","href":"https:\/\/api.w.org\/{rel}","templated":true}]}}