{"id":1088,"date":"2024-03-26T13:43:32","date_gmt":"2024-03-26T12:43:32","guid":{"rendered":"https:\/\/ubahostel.net\/politica-de-privacidad\/"},"modified":"2024-04-10T11:03:27","modified_gmt":"2024-04-10T09:03:27","slug":"politique-de-confidentialite","status":"publish","type":"page","link":"https:\/\/ubahostel.net\/fr\/politique-de-confidentialite\/","title":{"rendered":"Politique de Confidentialit\u00e9"},"content":{"rendered":"<p>[et_pb_section fb_built=\u00a0\u00bb1&Prime; _builder_version=\u00a0\u00bb4.24.2&Prime; _module_preset=\u00a0\u00bbdefault\u00a0\u00bb global_colors_info=\u00a0\u00bb{}\u00a0\u00bb][et_pb_row _builder_version=\u00a0\u00bb4.24.2&Prime; _module_preset=\u00a0\u00bbdefault\u00a0\u00bb global_colors_info=\u00a0\u00bb{}\u00a0\u00bb][et_pb_column type=\u00a0\u00bb4_4&Prime; _builder_version=\u00a0\u00bb4.24.2&Prime; _module_preset=\u00a0\u00bbdefault\u00a0\u00bb global_colors_info=\u00a0\u00bb{}\u00a0\u00bb][et_pb_text _builder_version=\u00a0\u00bb4.24.2&Prime; _module_preset=\u00a0\u00bbdefault\u00a0\u00bb hover_enabled=\u00a0\u00bb0&Prime; global_colors_info=\u00a0\u00bb{}\u00a0\u00bb sticky_enabled=\u00a0\u00bb0&Prime;]<\/p>\n<h1>Politique de Confidentialit\u00e9<\/h1>\n<p>&nbsp;<\/p>\n<h3>Identification des responsables<\/h3>\n<p>Le responsable du traitement est <strong>SUSPERGINTZA, association d\u2019aide sociale<\/strong> domicili\u00e9e \u00e0 Bilbao, rue Sim\u00f3n Bol\u00edvar\u00a08B, CIF\u00a0: G48264030, organisme inscrit au Registre des Associations du Pays basque sous le num\u00e9ro\u00a0AS\/B\/01018\/1988. T\u00e9l\u00e9phone\u00a0: 944\u2009008\u2009060. Courrier \u00e9lectronique de contact\u00a0: <a href=\"mailto:lopd@suspergintza.net.\">lopd@suspergintza.net<\/a>.<\/p>\n<h3>Finalit\u00e9s du traitement et base juridique<\/h3>\n<p><strong><em>Finalit\u00e9 g\u00e9n\u00e9rale<\/em><\/strong><\/p>\n<p>Les donn\u00e9es que vous \u00eates susceptible de nous fournir par l\u2019interm\u00e9diaire des formulaires trouv\u00e9s sur notre site web, celles que vous pouvez \u00eatre amen\u00e9 \u00e0 envoyer \u00e0 notre adresse de courrier \u00e9lectronique, et celles qui pourraient r\u00e9sulter de vos communications avec le responsable du traitement seront incorpor\u00e9es, telles que vous nous les fournissez, \u00e0 une base de donn\u00e9es dont le titulaire est le responsable du traitement.<\/p>\n<p>Ces donn\u00e9es sont trait\u00e9es dans la finalit\u00e9 de r\u00e9pondre aux demandes, questions, et communications des utilisateurs de fa\u00e7on appropri\u00e9e. Elles seront \u00e9galement utilis\u00e9es pour vous fournir des informations sur des services en rapport avec ceux que vous avez sollicit\u00e9s et vous inviter \u00e0 des \u00e9v\u00e9nements organis\u00e9s par notre entit\u00e9, et cela seulement si vous avez manifest\u00e9 votre consentement pr\u00e9alable.<\/p>\n<p>La base juridique de ce traitement sera la relation contractuelle entretenue avec le responsable du traitement et le consentement que vous donnez en acceptant le pr\u00e9sent avis.<\/p>\n<p><strong><em>Traitement des images<\/em><\/strong><\/p>\n<p>Le responsable du traitement documente les \u00e9v\u00e9nements publics qu\u2019il organise au moyen de photographies et de vid\u00e9os destin\u00e9es \u00e0 \u00eatre diffus\u00e9es sur ses espaces publics de diffusion d\u2019information, \u00e0 savoir\u00a0: son site web, les r\u00e9seaux sociaux sur lesquels <strong>Suspergintza <\/strong>a cr\u00e9\u00e9 un profil, ainsi que des publications propres ou diff\u00e9rents organes de presse. Vous pouvez obtenir de plus amples informations sur cette rubrique en consultant le site web de<strong> Suspergintza<\/strong>.<\/p>\n<p>Le traitement de ces images est l\u00e9gitim\u00e9 par le consentement des int\u00e9ress\u00e9s ou par l\u2019application de l\u2019article\u00a08 de la Loi LO 1\/1982 du 5 mai relative \u00e0 la Protection du droit \u00e0 l\u2019honneur, \u00e0 l\u2019intimit\u00e9 et \u00e0 l\u2019image.<\/p>\n<ol>\n<li>En r\u00e8gle g\u00e9n\u00e9rale, ne seront pas consid\u00e9r\u00e9es comme intrusives les actions autoris\u00e9es ou accord\u00e9es par les autorit\u00e9s comp\u00e9tentes en accord avec la loi, ou pour lesquelles il existe un int\u00e9r\u00eat historique, scientifique ou culturel \u00e9vident.<\/li>\n<li>En particulier, le droit \u00e0 l\u2019image n\u2019emp\u00eachera pas\u00a0:<\/li>\n<li>Sa captation, reproduction ou publication par tout moyen, s\u2019agissant de personnes qui exercent une responsabilit\u00e9 publique ou une profession impliquant une notori\u00e9t\u00e9 ou une visibilit\u00e9 publique, lorsque l\u2019image a \u00e9t\u00e9 prise au cours d\u2019un \u00e9v\u00e9nement public ou dans des lieux ouverts au public.<\/li>\n<li>L\u2019utilisation de la caricature desdites personnes en accord avec les usages de la soci\u00e9t\u00e9.<\/li>\n<li>L\u2019information graphique \u00e0 propos d\u2019un \u00e9v\u00e9nement ou d\u2019un incident public, lorsque l&rsquo;image de la personne concern\u00e9e est purement accessoire.<\/li>\n<\/ol>\n<p>Les exceptions pr\u00e9vues par les paragraphes a) et b) ne s\u2019appliquent pas aux autorit\u00e9s ou personnes qui remplissent des fonctions dont la nature requiert l\u2019anonymat de la personne qui les exerce.<\/p>\n<h3>Cat\u00e9gories de destinataires<\/h3>\n<p>Dans le respect des finalit\u00e9s pr\u00e9c\u00e9demment indiqu\u00e9es, auront acc\u00e8s \u00e0 vos donn\u00e9es\u00a0:<\/p>\n<ul>\n<li>le personnel d\u00fbment autoris\u00e9 par la direction du responsable du traitement\u00a0;<\/li>\n<li>les fournisseurs n\u00e9cessaires au traitement vos demandes\u00a0;<\/li>\n<li>l\u2019administration publique dans le cadre de ses comp\u00e9tences\u00a0;<\/li>\n<\/ul>\n<p>et en particulier, les destinataires indiqu\u00e9s sur chaque formulaire rempli par l\u2019int\u00e9ress\u00e9.<\/p>\n<h3>D\u00e9lai de conservation des informations<\/h3>\n<p>Le responsable du traitement conservera vos informations tant que vous n\u2019aurez pas r\u00e9voqu\u00e9 le consentement accord\u00e9 en acceptant la pr\u00e9sente clause.<\/p>\n<h3>Droits de l\u2019int\u00e9ress\u00e9<\/h3>\n<p>Vous disposez du droit \u00e0 acc\u00e9der \u00e0 vos donn\u00e9es, \u00e0 les rectifier, les supprimer, vous opposer \u00e0 leur traitement, limiter leur utilisation, demander leur portabilit\u00e9, \u00e0 ne pas faire l\u2019objet de d\u00e9cisions individuelles automatis\u00e9es, et de r\u00e9voquer votre consentement.<\/p>\n<p>Pour exercer ces droits, vous pouvez vous adresser par \u00e9crit \u00e0 <strong>Suspergintza,<\/strong> calle Sim\u00f3n Bol\u00edvar, 8B, 48\u2009010 Bilbao (Biscaye), t\u00e9l\u00e9phoner au 944008060, ou envoyer un courrier \u00e9lectronique \u00e0 l\u2019adresse <a href=\"mailto:lopd@suspergintza.net.\">lopd@suspergintza.net<\/a>, en mentionnant \u201cPROTECCI\u00d3N DE DATOS\u201d en objet de votre mail.<\/p>\n<h3>Droits de r\u00e9clamation<\/h3>\n<p>L&rsquo;organisme comp\u00e9tent pour juger de la bonne application des normes relatives au traitement des informations est la Agencia Vasca de Protecci\u00f3n de Datos (Agence basque de Protection des Donn\u00e9es) domicili\u00e9e calle Beato Tom\u00e1s de Zum\u00e1rraga, 7\u00ba, 3\u00aa Planta, 01008 Vitoria Gasteiz.<\/p>\n<h3>Obligations de l\u2019int\u00e9ress\u00e9<\/h3>\n<p>L\u2019int\u00e9ress\u00e9 est tenu de fournir des informations v\u00e9ridiques et actualis\u00e9es au cours de tous les processus de recueil de donn\u00e9es et sera seul responsable en cas de non-respect de cette obligation.<\/p>\n<p>Les formulaires de recueil de donn\u00e9es indiquent les donn\u00e9es qu\u2019il est obligatoire de fournir pour chaque demande de l\u2019int\u00e9ress\u00e9. Si ces donn\u00e9es ne sont pas fournies, il se peut que vous soyez dans l\u2019impossibilit\u00e9 de participer \u00e0 une activit\u00e9 ou de recevoir le service demand\u00e9.<\/p>\n<h3>Cr\u00e9ation de profils<\/h3>\n<p>En vue d\u2019ex\u00e9cuter les t\u00e2ches incombant au responsable du traitement, et surtout, de fournir \u00e0 l\u2019utilisateur une attention personnalis\u00e9e, minutieuse et efficace, il est parfois n\u00e9cessaire de cr\u00e9er des profils des personnes auxquelles les diff\u00e9rents services sont destin\u00e9s. L\u2019\u00e9laboration de ces profils n\u2019est jamais r\u00e9alis\u00e9e de fa\u00e7on enti\u00e8rement automatis\u00e9e.<\/p>\n<h2><strong>CONSENTEMENT DE L\u2019UTILISATEUR <\/strong><\/h2>\n<p>Il est entendu que l\u2019utilisateur accepte les conditions \u00e9tablies en cliquant sur le bouton \u00ab\u00a0ACCEPTER\u00a0\u00bb qui se trouve sur tous les formulaires de recueil de donn\u00e9es, ou en envoyant un message par courrier \u00e9lectronique.<\/p>\n<p>Les donn\u00e9es personnelles sont conserv\u00e9es dans la base de donn\u00e9es g\u00e9n\u00e9rale administr\u00e9e par <strong>Suspergintza <\/strong>qui garantit, dans tous les cas, les mesures techniques et organisationnelles n\u00e9cessaires pour pr\u00e9server l\u2019int\u00e9grit\u00e9 et la s\u00e9curit\u00e9 des informations trait\u00e9es.<\/p>\n<h2><strong>S\u00c9CURIT\u00c9<\/strong><\/h2>\n<p>La base de donn\u00e9es g\u00e9n\u00e9rale est dot\u00e9e du document de s\u00e9curit\u00e9 r\u00e9glementaire et a mis en \u0153uvre tous les moyens techniques \u00e0 sa port\u00e9e pour \u00e9viter la perte, la mauvaise utilisation, l\u2019alt\u00e9ration, l\u2019acc\u00e8s non autoris\u00e9 ou le vol des donn\u00e9es que vous nous fournissez.<\/p>\n<p>Le traitement des donn\u00e9es personnelles est soumis \u00e0 la r\u00e8glementation \u00e9tablie par la Loi organique 3\/2018 relative \u00e0 la Protection des donn\u00e9es personnelles et \u00e0 la garantie des droits digitaux, et au R\u00e8glement (UE) 2016\/679 du Parlement europ\u00e9en et du Conseil du 27 avril 2016.<\/p>\n<h2><strong>COOKIES ET RECUEIL DE DONN\u00c9ES STATISTIQUES<\/strong><\/h2>\n<p>La navigation d\u2019un utilisateur sur cette page web laisse une trace de l\u2019adresse IP qui vous a \u00e9t\u00e9 attribu\u00e9e par votre fournisseur d\u2019acc\u00e8s \u00e0 Internet. Cette adresse est uniquement utilis\u00e9e \u00e0 des fins purement internes, telles que les statistiques d\u2019acc\u00e8s au site. Des cookies peuvent \u00eatre employ\u00e9s pour permettre d\u2019utiliser ce site web. Les cookies pouvant \u00eatre utilis\u00e9s sont uniquement associ\u00e9s au navigateur d\u2019un ordinateur donn\u00e9 (un utilisateur anonyme) et ne fournissent en eux-m\u00eames aucune donn\u00e9e personnelle concernant l\u2019utilisateur. Ce site web peut utiliser les types de cookies suivants\u00a0:<\/p>\n<ul>\n<li><strong>Cookies d\u2019analyse<\/strong>: ils permettent de quantifier le nombre d\u2019utilisateurs, afin de mesurer et d\u2019analyser statistiquement leur activit\u00e9 et l\u2019utilisation qu\u2019ils font de notre site web, et aussi d\u2019\u00e9laborer des profils de leur navigation sur les diff\u00e9rentes pages du site et sur nos applications, dans le but d\u2019en am\u00e9liorer le fonctionnement.<\/li>\n<li><strong>Cookies techniques<\/strong>: ils permettent \u00e0 l\u2019utilisateur de naviguer sur le site web et d\u2019utiliser les diff\u00e9rentes options et services qui s\u2019y trouvent. Ils servent notamment \u00e0 contr\u00f4ler le trafic, communiquer des donn\u00e9es, identifier une session, acc\u00e9der \u00e0 des parties du site dont l\u2019acc\u00e8s est limit\u00e9, se souvenir des \u00e9l\u00e9ments qui font partie d\u2019une commande, r\u00e9aliser un processus d\u2019achat, une demande d\u2019inscription ou de participation \u00e0 un \u00e9v\u00e9nement, utiliser des \u00e9l\u00e9ments de s\u00e9curit\u00e9 pendant la navigation, ou stocker, diffuser et\/ou partager des contenus.<\/li>\n<\/ul>\n<p>L\u2019utilisateur a la possibilit\u00e9 de configurer son navigateur pour \u00eatre inform\u00e9 sur son \u00e9cran de la r\u00e9ception des cookies et pour \u00e9viter leur installation sur son disque dur. Tous les navigateurs peuvent \u00eatre modifi\u00e9s pour d\u00e9sactiver la configuration des cookies. Vous pouvez effectuer ces r\u00e9glages \u00e0 partir des menus \u00ab\u00a0options\u00a0\u00bb ou \u00ab\u00a0pr\u00e9f\u00e9rences\u00a0\u00bb de votre navigateur. Vous trouverez ci-apr\u00e8s des liens dont les instructions permettent de d\u00e9sactiver les cookies de chaque navigateur\u00a0:<\/p>\n<ul>\n<li>Explorer\u00a0: <a href=\"https:\/\/support.microsoft.com\/es-es\/help\/17442\/windows-internet-explorer-delete-manage-cookies\">https:\/\/support.microsoft.com\/es-es\/help\/17442\/windows-internet-explorer-delete-manage-cookies<\/a><\/li>\n<li>Firefox\u00a0: <a href=\"http:\/\/goo.gl\/F5pHX\">http:\/\/goo.gl\/F5pHX<\/a><\/li>\n<li>Chrome\u00a0: http:\/\/support.google.com\/chrome\/bin\/answer.py?hl=es&amp;answer=95647<\/li>\n<li>Safari\u00a0: http:\/\/support.apple.com\/kb\/ph5042<\/li>\n<li>Opera\u00a0: http:\/\/www.opera.com\/help\/tutorials\/security\/privacy\/<\/li>\n<\/ul>\n<p>Nous vous informons toutefois qu\u2019il se peut que la d\u00e9sactivation de certains cookies emp\u00eache ou g\u00eane votre navigation ou la fourniture des services propos\u00e9s sur ce site web.<\/p>\n<h2><strong>UTILISATION DES ADRESSES IP<\/strong><\/h2>\n<p>Pour faciliter la recherche des informations que nous estimons susceptibles de vous int\u00e9resser, vous trouverez sur ce site web des liens conduisant vers d\u2019autres sites. La pr\u00e9sente politique de confidentialit\u00e9 s\u2019applique uniquement \u00e0 ce site web. Le responsable du traitement ne garantit pas le respect de cette politique sur d\u2019autres sites web, et n\u2019est pas responsable de l\u2019acc\u00e8s auxdits sites \u00e0 partir des liens figurant sur ce site web.<\/p>\n<p>De m\u00eame, le titulaire du domaine n\u2019assume aucune responsabilit\u00e9 quant aux sites web de tiers auxquels il serait possible d\u2019acc\u00e9der \u00e0 partir du pr\u00e9sent site.<\/p>\n<p>[\/et_pb_text][\/et_pb_column][\/et_pb_row][\/et_pb_section]<\/p>\n","protected":false},"excerpt":{"rendered":"<p>Politique de Confidentialit\u00e9 &nbsp; Identification des responsables Le responsable du traitement est SUSPERGINTZA, association d\u2019aide sociale domicili\u00e9e \u00e0 Bilbao, rue Sim\u00f3n Bol\u00edvar\u00a08B, CIF\u00a0: G48264030, organisme inscrit au Registre des Associations du Pays basque sous le num\u00e9ro\u00a0AS\/B\/01018\/1988. T\u00e9l\u00e9phone\u00a0: 944\u2009008\u2009060. Courrier \u00e9lectronique de contact\u00a0: lopd@suspergintza.net. Finalit\u00e9s du traitement et base juridique Finalit\u00e9 g\u00e9n\u00e9rale Les donn\u00e9es que vous [&hellip;]<\/p>\n","protected":false},"author":1,"featured_media":0,"parent":0,"menu_order":0,"comment_status":"closed","ping_status":"closed","template":"","meta":{"_et_pb_use_builder":"on","_et_pb_old_content":"","_et_gb_content_width":"","_exactmetrics_skip_tracking":false,"_exactmetrics_sitenote_active":false,"_exactmetrics_sitenote_note":"","_exactmetrics_sitenote_category":0,"footnotes":""},"class_list":["post-1088","page","type-page","status-publish","hentry"],"yoast_head":"<!-- This site is optimized with the Yoast SEO plugin v26.4 - https:\/\/yoast.com\/wordpress\/plugins\/seo\/ -->\n<title>Politique de Confidentialit\u00e9 | Uba Hostel<\/title>\n<meta name=\"robots\" content=\"index, follow, max-snippet:-1, max-image-preview:large, max-video-preview:-1\" \/>\n<link rel=\"canonical\" href=\"https:\/\/ubahostel.net\/fr\/politique-de-confidentialite\/\" \/>\n<meta property=\"og:locale\" content=\"fr_FR\" \/>\n<meta property=\"og:type\" content=\"article\" \/>\n<meta property=\"og:title\" content=\"Politique de Confidentialit\u00e9 | Uba Hostel\" \/>\n<meta property=\"og:description\" content=\"Politique de Confidentialit\u00e9 &nbsp; Identification des responsables Le responsable du traitement est SUSPERGINTZA, association d\u2019aide sociale domicili\u00e9e \u00e0 Bilbao, rue Sim\u00f3n Bol\u00edvar\u00a08B, CIF\u00a0: G48264030, organisme inscrit au Registre des Associations du Pays basque sous le num\u00e9ro\u00a0AS\/B\/01018\/1988. T\u00e9l\u00e9phone\u00a0: 944\u2009008\u2009060. Courrier \u00e9lectronique de contact\u00a0: lopd@suspergintza.net. Finalit\u00e9s du traitement et base juridique Finalit\u00e9 g\u00e9n\u00e9rale Les donn\u00e9es que vous [&hellip;]\" \/>\n<meta property=\"og:url\" content=\"https:\/\/ubahostel.net\/fr\/politique-de-confidentialite\/\" \/>\n<meta property=\"og:site_name\" content=\"Uba Hostel\" \/>\n<meta property=\"article:modified_time\" content=\"2024-04-10T09:03:27+00:00\" \/>\n<meta property=\"og:image\" content=\"https:\/\/ubahostel.net\/wp-content\/uploads\/2024\/03\/UbaHostel-V1.jpg\" \/>\n\t<meta property=\"og:image:width\" content=\"305\" \/>\n\t<meta property=\"og:image:height\" content=\"246\" \/>\n\t<meta property=\"og:image:type\" content=\"image\/jpeg\" \/>\n<meta name=\"twitter:card\" content=\"summary_large_image\" \/>\n<meta name=\"twitter:label1\" content=\"Dur\u00e9e de lecture estim\u00e9e\" \/>\n\t<meta name=\"twitter:data1\" content=\"8 minutes\" \/>\n<script type=\"application\/ld+json\" class=\"yoast-schema-graph\">{\"@context\":\"https:\/\/schema.org\",\"@graph\":[{\"@type\":\"WebPage\",\"@id\":\"https:\/\/ubahostel.net\/fr\/politique-de-confidentialite\/\",\"url\":\"https:\/\/ubahostel.net\/fr\/politique-de-confidentialite\/\",\"name\":\"Politique de Confidentialit\u00e9 | Uba Hostel\",\"isPartOf\":{\"@id\":\"https:\/\/ubahostel.net\/#website\"},\"datePublished\":\"2024-03-26T12:43:32+00:00\",\"dateModified\":\"2024-04-10T09:03:27+00:00\",\"breadcrumb\":{\"@id\":\"https:\/\/ubahostel.net\/fr\/politique-de-confidentialite\/#breadcrumb\"},\"inLanguage\":\"fr-FR\",\"potentialAction\":[{\"@type\":\"ReadAction\",\"target\":[\"https:\/\/ubahostel.net\/fr\/politique-de-confidentialite\/\"]}]},{\"@type\":\"BreadcrumbList\",\"@id\":\"https:\/\/ubahostel.net\/fr\/politique-de-confidentialite\/#breadcrumb\",\"itemListElement\":[{\"@type\":\"ListItem\",\"position\":1,\"name\":\"Portada\",\"item\":\"https:\/\/ubahostel.net\/fr\/\"},{\"@type\":\"ListItem\",\"position\":2,\"name\":\"Politique de Confidentialit\u00e9\"}]},{\"@type\":\"WebSite\",\"@id\":\"https:\/\/ubahostel.net\/#website\",\"url\":\"https:\/\/ubahostel.net\/\",\"name\":\"Uba Hostel\",\"description\":\"Uba Hostel en Donostia - San Sebastian\",\"alternateName\":\"Hostel en Donostia - San Sebastian\",\"potentialAction\":[{\"@type\":\"SearchAction\",\"target\":{\"@type\":\"EntryPoint\",\"urlTemplate\":\"https:\/\/ubahostel.net\/?s={search_term_string}\"},\"query-input\":{\"@type\":\"PropertyValueSpecification\",\"valueRequired\":true,\"valueName\":\"search_term_string\"}}],\"inLanguage\":\"fr-FR\"}]}<\/script>\n<!-- \/ Yoast SEO plugin. -->","yoast_head_json":{"title":"Politique de Confidentialit\u00e9 | Uba Hostel","robots":{"index":"index","follow":"follow","max-snippet":"max-snippet:-1","max-image-preview":"max-image-preview:large","max-video-preview":"max-video-preview:-1"},"canonical":"https:\/\/ubahostel.net\/fr\/politique-de-confidentialite\/","og_locale":"fr_FR","og_type":"article","og_title":"Politique de Confidentialit\u00e9 | Uba Hostel","og_description":"Politique de Confidentialit\u00e9 &nbsp; Identification des responsables Le responsable du traitement est SUSPERGINTZA, association d\u2019aide sociale domicili\u00e9e \u00e0 Bilbao, rue Sim\u00f3n Bol\u00edvar\u00a08B, CIF\u00a0: G48264030, organisme inscrit au Registre des Associations du Pays basque sous le num\u00e9ro\u00a0AS\/B\/01018\/1988. T\u00e9l\u00e9phone\u00a0: 944\u2009008\u2009060. Courrier \u00e9lectronique de contact\u00a0: lopd@suspergintza.net. Finalit\u00e9s du traitement et base juridique Finalit\u00e9 g\u00e9n\u00e9rale Les donn\u00e9es que vous [&hellip;]","og_url":"https:\/\/ubahostel.net\/fr\/politique-de-confidentialite\/","og_site_name":"Uba Hostel","article_modified_time":"2024-04-10T09:03:27+00:00","og_image":[{"width":305,"height":246,"url":"https:\/\/ubahostel.net\/wp-content\/uploads\/2024\/03\/UbaHostel-V1.jpg","type":"image\/jpeg"}],"twitter_card":"summary_large_image","twitter_misc":{"Dur\u00e9e de lecture estim\u00e9e":"8 minutes"},"schema":{"@context":"https:\/\/schema.org","@graph":[{"@type":"WebPage","@id":"https:\/\/ubahostel.net\/fr\/politique-de-confidentialite\/","url":"https:\/\/ubahostel.net\/fr\/politique-de-confidentialite\/","name":"Politique de Confidentialit\u00e9 | Uba Hostel","isPartOf":{"@id":"https:\/\/ubahostel.net\/#website"},"datePublished":"2024-03-26T12:43:32+00:00","dateModified":"2024-04-10T09:03:27+00:00","breadcrumb":{"@id":"https:\/\/ubahostel.net\/fr\/politique-de-confidentialite\/#breadcrumb"},"inLanguage":"fr-FR","potentialAction":[{"@type":"ReadAction","target":["https:\/\/ubahostel.net\/fr\/politique-de-confidentialite\/"]}]},{"@type":"BreadcrumbList","@id":"https:\/\/ubahostel.net\/fr\/politique-de-confidentialite\/#breadcrumb","itemListElement":[{"@type":"ListItem","position":1,"name":"Portada","item":"https:\/\/ubahostel.net\/fr\/"},{"@type":"ListItem","position":2,"name":"Politique de Confidentialit\u00e9"}]},{"@type":"WebSite","@id":"https:\/\/ubahostel.net\/#website","url":"https:\/\/ubahostel.net\/","name":"Uba Hostel","description":"Uba Hostel en Donostia - San Sebastian","alternateName":"Hostel en Donostia - San Sebastian","potentialAction":[{"@type":"SearchAction","target":{"@type":"EntryPoint","urlTemplate":"https:\/\/ubahostel.net\/?s={search_term_string}"},"query-input":{"@type":"PropertyValueSpecification","valueRequired":true,"valueName":"search_term_string"}}],"inLanguage":"fr-FR"}]}},"_links":{"self":[{"href":"https:\/\/ubahostel.net\/fr\/wp-json\/wp\/v2\/pages\/1088","targetHints":{"allow":["GET"]}}],"collection":[{"href":"https:\/\/ubahostel.net\/fr\/wp-json\/wp\/v2\/pages"}],"about":[{"href":"https:\/\/ubahostel.net\/fr\/wp-json\/wp\/v2\/types\/page"}],"author":[{"embeddable":true,"href":"https:\/\/ubahostel.net\/fr\/wp-json\/wp\/v2\/users\/1"}],"replies":[{"embeddable":true,"href":"https:\/\/ubahostel.net\/fr\/wp-json\/wp\/v2\/comments?post=1088"}],"version-history":[{"count":3,"href":"https:\/\/ubahostel.net\/fr\/wp-json\/wp\/v2\/pages\/1088\/revisions"}],"predecessor-version":[{"id":1099,"href":"https:\/\/ubahostel.net\/fr\/wp-json\/wp\/v2\/pages\/1088\/revisions\/1099"}],"wp:attachment":[{"href":"https:\/\/ubahostel.net\/fr\/wp-json\/wp\/v2\/media?parent=1088"}],"curies":[{"name":"wp","href":"https:\/\/api.w.org\/{rel}","templated":true}]}}