{"id":579,"date":"2024-03-26T14:00:53","date_gmt":"2024-03-26T13:00:53","guid":{"rendered":"https:\/\/ubahostel.net\/como-es-uba-hostel\/"},"modified":"2024-04-09T13:42:14","modified_gmt":"2024-04-09T11:42:14","slug":"comment-est-uba-hostel","status":"publish","type":"page","link":"https:\/\/ubahostel.net\/fr\/comment-est-uba-hostel\/","title":{"rendered":"Comment est Uba Hostel"},"content":{"rendered":"<p>[et_pb_section fb_built=\u00a0\u00bb1&Prime; _builder_version=\u00a0\u00bb4.24.2&Prime; _module_preset=\u00a0\u00bbdefault\u00a0\u00bb use_background_color_gradient=\u00a0\u00bbon\u00a0\u00bb background_color_gradient_stops=\u00a0\u00bbrgba(0,0,0,0.3) 0%|rgba(0,0,0,0.3) 100%\u00a0\u00bb background_color_gradient_overlays_image=\u00a0\u00bbon\u00a0\u00bb background_image=\u00a0\u00bbhttps:\/\/ubahostel.net\/wp-content\/uploads\/2024\/02\/home-fondo.jpg\u00a0\u00bb custom_padding=\u00a0\u00bb||0px||false|false\u00a0\u00bb global_colors_info=\u00a0\u00bb{}\u00a0\u00bb][et_pb_row _builder_version=\u00a0\u00bb4.24.2&Prime; _module_preset=\u00a0\u00bbdefault\u00a0\u00bb global_colors_info=\u00a0\u00bb{}\u00a0\u00bb][et_pb_column type=\u00a0\u00bb4_4&Prime; _builder_version=\u00a0\u00bb4.24.2&Prime; _module_preset=\u00a0\u00bbdefault\u00a0\u00bb global_colors_info=\u00a0\u00bb{}\u00a0\u00bb][et_pb_text admin_label=\u00a0\u00bbTitulo\u00a0\u00bb _builder_version=\u00a0\u00bb4.24.2&Prime; _module_preset=\u00a0\u00bbdefault\u00a0\u00bb text_font_size=\u00a0\u00bb20px\u00a0\u00bb header_font=\u00a0\u00bb|800||on|||||\u00a0\u00bb header_text_align=\u00a0\u00bbcenter\u00a0\u00bb header_font_size=\u00a0\u00bb36px\u00a0\u00bb text_orientation=\u00a0\u00bbcenter\u00a0\u00bb background_layout=\u00a0\u00bbdark\u00a0\u00bb header_text_shadow_style=\u00a0\u00bbpreset1&Prime; global_colors_info=\u00a0\u00bb{}\u00a0\u00bb]<\/p>\n<h1>\u00c0 QUOI RESSEMBLE L\u2019AUBERGE UBA<\/h1>\n<p>Qui sommes nous<\/p>\n<p>[\/et_pb_text][\/et_pb_column][\/et_pb_row][\/et_pb_section][et_pb_section fb_built=\u00a0\u00bb1&Prime; _builder_version=\u00a0\u00bb4.24.2&Prime; _module_preset=\u00a0\u00bbdefault\u00a0\u00bb global_colors_info=\u00a0\u00bb{}\u00a0\u00bb][et_pb_row _builder_version=\u00a0\u00bb4.24.2&Prime; _module_preset=\u00a0\u00bbdefault\u00a0\u00bb global_colors_info=\u00a0\u00bb{}\u00a0\u00bb][et_pb_column type=\u00a0\u00bb4_4&Prime; _builder_version=\u00a0\u00bb4.24.2&Prime; _module_preset=\u00a0\u00bbdefault\u00a0\u00bb global_colors_info=\u00a0\u00bb{}\u00a0\u00bb][et_pb_text _builder_version=\u00a0\u00bb4.24.2&Prime; _module_preset=\u00a0\u00bbdefault\u00a0\u00bb global_colors_info=\u00a0\u00bb{}\u00a0\u00bb]<\/p>\n<p><strong>Uba Hostel<\/strong> est situ\u00e9 au c\u0153ur du parc Ametzagaina, l&rsquo;un des poumons verts de Donostia-San Sebasti\u00e1n, ce qui signifie que le b\u00e2timent est entour\u00e9 de grands arbres et de jardins qui procurent une sensation de d\u00e9tente \u00e0 toutes les personnes qui y s\u00e9journent.<\/p>\n<p>En plus des ext\u00e9rieurs, \u00e9quip\u00e9s de bancs et de tables, nous disposons d&rsquo;un grand espace ouvert situ\u00e9 au troisi\u00e8me \u00e9tage avec une t\u00e9l\u00e9vision pour vous d\u00e9tendre, discuter ou organiser une r\u00e9union ou une pr\u00e9sentation avec votre groupe.<\/p>\n<p>Au m\u00eame \u00e9tage vous pourrez profiter d&rsquo;une grande terrasse, id\u00e9ale pour rendre vos \u00e9v\u00e9nements uniques.<\/p>\n<p>[\/et_pb_text][et_pb_text _builder_version=\u00a0\u00bb4.24.2&Prime; _module_preset=\u00a0\u00bbdefault\u00a0\u00bb global_colors_info=\u00a0\u00bb{}\u00a0\u00bb]<\/p>\n<h2>Auberge adapt\u00e9e aux personnes \u00e0 mobilit\u00e9 r\u00e9duite<\/h2>\n<p>[\/et_pb_text][et_pb_testimonial portrait_url=\u00a0\u00bbhttps:\/\/ubahostel.net\/wp-content\/uploads\/2024\/03\/hostel-adaptado.png\u00a0\u00bb quote_icon=\u00a0\u00bboff\u00a0\u00bb admin_label=\u00a0\u00bbMovilidad\u00a0\u00bb _builder_version=\u00a0\u00bb4.24.2&Prime; _module_preset=\u00a0\u00bbdefault\u00a0\u00bb global_colors_info=\u00a0\u00bb{}\u00a0\u00bb]<\/p>\n<p><strong>Nous nous adaptons \u00e0 vous.<\/strong><br \/>Nous disposons de pi\u00e8ces enti\u00e8rement adapt\u00e9es, chambres et salles de bains, aux diff\u00e9rents types de mobilit\u00e9, ainsi que d&rsquo;un ascenseur pour faciliter l&rsquo;acc\u00e8s.<\/p>\n<p>[\/et_pb_testimonial][\/et_pb_column][\/et_pb_row][et_pb_row _builder_version=\u00a0\u00bb4.24.2&Prime; _module_preset=\u00a0\u00bbdefault\u00a0\u00bb global_colors_info=\u00a0\u00bb{}\u00a0\u00bb][et_pb_column type=\u00a0\u00bb4_4&Prime; _builder_version=\u00a0\u00bb4.24.2&Prime; _module_preset=\u00a0\u00bbdefault\u00a0\u00bb global_colors_info=\u00a0\u00bb{}\u00a0\u00bb][et_pb_text _builder_version=\u00a0\u00bb4.24.2&Prime; _module_preset=\u00a0\u00bbdefault\u00a0\u00bb global_colors_info=\u00a0\u00bb{}\u00a0\u00bb]<\/p>\n<h2>Vos animaux sont les bienvenus<\/h2>\n<p>&nbsp;<\/p>\n<p>Les clients accompagn\u00e9s de <strong>chiens sont les bienvenus<\/strong> dans certaines chambres. Nous disposons de plusieurs espaces verts sans circulation o\u00f9 votre chien peut se d\u00e9gourdir les pattes. Extras : De l&rsquo;eau, des bonbons ou un prix.<\/p>\n<p>[\/et_pb_text][\/et_pb_column][\/et_pb_row][et_pb_row _builder_version=\u00a0\u00bb4.24.2&Prime; _module_preset=\u00a0\u00bbdefault\u00a0\u00bb global_colors_info=\u00a0\u00bb{}\u00a0\u00bb][et_pb_column type=\u00a0\u00bb4_4&Prime; _builder_version=\u00a0\u00bb4.24.2&Prime; _module_preset=\u00a0\u00bbdefault\u00a0\u00bb global_colors_info=\u00a0\u00bb{}\u00a0\u00bb][et_pb_text _builder_version=\u00a0\u00bb4.24.2&Prime; _module_preset=\u00a0\u00bbdefault\u00a0\u00bb global_colors_info=\u00a0\u00bb{}\u00a0\u00bb]<\/p>\n<h2>Nous nous engageons dans la transformation sociale<\/h2>\n<p>&nbsp;<\/p>\n<p>Nous nous engageons en faveur de la transformation sociale \u00e0 travers notre engagement en faveur de l\u2019emploi prot\u00e9g\u00e9, en aidant les personnes en difficult\u00e9 passag\u00e8re \u00e0 r\u00eaver d\u2019un avenir meilleur.<\/p>\n<p>\u00ab\u00a0Chaque jour, lorsque notre journ\u00e9e commence, nous ouvrons les fen\u00eatres et voyons et sentons Saint-S\u00e9bastien \u00e0 nos pieds, nous commen\u00e7ons \u00e0 penser \u00e0 vous et \u00e0 ce que nous pouvons vous offrir de mieux. Parce que nous pensons que c&rsquo;est seulement alors, en entretenant cette illusion , nous serons vraiment grands et dignes de nous appeler Uba Hostel, l&rsquo;auberge d&rsquo;Uba\u00a0\u00bb.<\/p>\n<p>[\/et_pb_text][\/et_pb_column][\/et_pb_row][et_pb_row _builder_version=\u00a0\u00bb4.24.2&Prime; _module_preset=\u00a0\u00bbdefault\u00a0\u00bb global_colors_info=\u00a0\u00bb{}\u00a0\u00bb][et_pb_column type=\u00a0\u00bb4_4&Prime; _builder_version=\u00a0\u00bb4.24.2&Prime; _module_preset=\u00a0\u00bbdefault\u00a0\u00bb global_colors_info=\u00a0\u00bb{}\u00a0\u00bb][et_pb_text _builder_version=\u00a0\u00bb4.24.2&Prime; _module_preset=\u00a0\u00bbdefault\u00a0\u00bb global_colors_info=\u00a0\u00bb{}\u00a0\u00bb]<\/p>\n<h2>Engagement contre les violences de genre<\/h2>\n<p>&nbsp;<\/p>\n<p>Dans le cadre de notre pr\u00e9occupation et de notre engagement face \u00e0 la violence de genre, nous avons un <strong>plan de pr\u00e9vention du harc\u00e8lement sexuel et sexiste<\/strong> \u00e0 l&rsquo;auberge.<\/p>\n<p>[\/et_pb_text][\/et_pb_column][\/et_pb_row][et_pb_row _builder_version=\u00a0\u00bb4.24.2&Prime; _module_preset=\u00a0\u00bbdefault\u00a0\u00bb global_colors_info=\u00a0\u00bb{}\u00a0\u00bb][et_pb_column type=\u00a0\u00bb4_4&Prime; _builder_version=\u00a0\u00bb4.24.2&Prime; _module_preset=\u00a0\u00bbdefault\u00a0\u00bb global_colors_info=\u00a0\u00bb{}\u00a0\u00bb][et_pb_text _builder_version=\u00a0\u00bb4.24.2&Prime; _module_preset=\u00a0\u00bbdefault\u00a0\u00bb global_colors_info=\u00a0\u00bb{}\u00a0\u00bb]<\/p>\n<h2>R\u00e8gles de base de l&rsquo;auberge<\/h2>\n<p>&nbsp;<\/p>\n<ul>\n<li>Il est interdit de manger et de fumer dans les chambres.<\/li>\n<li>Pendant votre s\u00e9jour, nous garderons la chambre et nos affaires bien rang\u00e9es.<\/li>\n<li>Par respect pour le reste des autres, nous serons dans le silence absolu \u00e0 partir de 23h00.<\/li>\n<li>La consommation, l&rsquo;introduction et\/ou la distribution de tout type de substance stup\u00e9fiante, y compris l&rsquo;alcool, est totalement interdite dans toutes les installations de l&rsquo;auberge.<\/li>\n<li>En aucun cas, la direction de l&rsquo;Auberge n&rsquo;est responsable des vols ou des pertes qui y sont occasionn\u00e9s. Les objets de valeur ou d&rsquo;argent stock\u00e9s dans les chambres restent sous la garde du client et la Direction n&rsquo;en est pas responsable.<\/li>\n<li>Les dommages caus\u00e9s aux espaces communs et aux chambres seront \u00e0 la charge du responsable, qui devra imm\u00e9diatement avertir la direction pour r\u00e9parer ou remplacer ce qui a \u00e9t\u00e9 endommag\u00e9.<\/li>\n<li>Tout dommage caus\u00e9 par une mauvaise utilisation sera factur\u00e9 \u00e0 l&rsquo;auteur. Par cons\u00e9quent, le soin et le bon usage de toutes les installations et objets d\u2019int\u00e9r\u00eat commun sont requis.<\/li>\n<\/ul>\n<p>[\/et_pb_text][\/et_pb_column][\/et_pb_row][et_pb_row _builder_version=\u00a0\u00bb4.24.2&Prime; _module_preset=\u00a0\u00bbdefault\u00a0\u00bb global_colors_info=\u00a0\u00bb{}\u00a0\u00bb][et_pb_column type=\u00a0\u00bb4_4&Prime; _builder_version=\u00a0\u00bb4.24.2&Prime; _module_preset=\u00a0\u00bbdefault\u00a0\u00bb global_colors_info=\u00a0\u00bb{}\u00a0\u00bb][et_pb_text _builder_version=\u00a0\u00bb4.24.2&Prime; _module_preset=\u00a0\u00bbdefault\u00a0\u00bb hover_enabled=\u00a0\u00bb0&Prime; global_colors_info=\u00a0\u00bb{}\u00a0\u00bb sticky_enabled=\u00a0\u00bb0&Prime;]<\/p>\n<h2>Qui sommes nous<\/h2>\n<p>&nbsp;<\/p>\n<p><strong>\u200bUba Hostel<\/strong> est g\u00e9r\u00e9 par <strong>Suspertu SL<\/strong> \u00e0 travers l&rsquo;entreprise d&rsquo;insertion sociale et professionnelle <strong>Suspertu SL<\/strong>, promue par <a href=\"https:\/\/edefundazioa.org\/\"><strong>EDE Fundazioa<\/strong><\/a> et <strong>Suspergintza Elkartea<\/strong>.<\/p>\n<p>Avec les personnes que nous embauchons, nous favorisons la formation de base, la qualification professionnelle et les activit\u00e9s d&rsquo;orientation pour favoriser leur acc\u00e8s \u00e0 l&#8217;emploi.<\/p>\n<p>Nous cherchons \u00e0 combiner l&rsquo;insertion des personnes rencontrant des difficult\u00e9s passag\u00e8res d&rsquo;acc\u00e8s au march\u00e9 du travail et la qualit\u00e9 de nos services et \u00e9quipements.<\/p>\n<p>[\/et_pb_text][\/et_pb_column][\/et_pb_row][\/et_pb_section]<\/p>\n","protected":false},"excerpt":{"rendered":"<p>\u00c0 QUOI RESSEMBLE L\u2019AUBERGE UBA Qui sommes nousUba Hostel est situ\u00e9 au c\u0153ur du parc Ametzagaina, l&rsquo;un des poumons verts de Donostia-San Sebasti\u00e1n, ce qui signifie que le b\u00e2timent est entour\u00e9 de grands arbres et de jardins qui procurent une sensation de d\u00e9tente \u00e0 toutes les personnes qui y s\u00e9journent. En plus des ext\u00e9rieurs, \u00e9quip\u00e9s [&hellip;]<\/p>\n","protected":false},"author":1,"featured_media":0,"parent":0,"menu_order":0,"comment_status":"closed","ping_status":"closed","template":"","meta":{"_et_pb_use_builder":"on","_et_pb_old_content":"","_et_gb_content_width":"","_exactmetrics_skip_tracking":false,"_exactmetrics_sitenote_active":false,"_exactmetrics_sitenote_note":"","_exactmetrics_sitenote_category":0,"footnotes":""},"class_list":["post-579","page","type-page","status-publish","hentry"],"yoast_head":"<!-- This site is optimized with the Yoast SEO plugin v26.4 - https:\/\/yoast.com\/wordpress\/plugins\/seo\/ -->\n<title>Comment est Uba Hostel | Uba Hostel<\/title>\n<meta name=\"robots\" content=\"index, follow, max-snippet:-1, max-image-preview:large, max-video-preview:-1\" \/>\n<link rel=\"canonical\" href=\"https:\/\/ubahostel.net\/fr\/comment-est-uba-hostel\/\" \/>\n<meta property=\"og:locale\" content=\"fr_FR\" \/>\n<meta property=\"og:type\" content=\"article\" \/>\n<meta property=\"og:title\" content=\"Comment est Uba Hostel | Uba Hostel\" \/>\n<meta property=\"og:description\" content=\"\u00c0 QUOI RESSEMBLE L\u2019AUBERGE UBA Qui sommes nousUba Hostel est situ\u00e9 au c\u0153ur du parc Ametzagaina, l&#039;un des poumons verts de Donostia-San Sebasti\u00e1n, ce qui signifie que le b\u00e2timent est entour\u00e9 de grands arbres et de jardins qui procurent une sensation de d\u00e9tente \u00e0 toutes les personnes qui y s\u00e9journent. En plus des ext\u00e9rieurs, \u00e9quip\u00e9s [&hellip;]\" \/>\n<meta property=\"og:url\" content=\"https:\/\/ubahostel.net\/fr\/comment-est-uba-hostel\/\" \/>\n<meta property=\"og:site_name\" content=\"Uba Hostel\" \/>\n<meta property=\"article:modified_time\" content=\"2024-04-09T11:42:14+00:00\" \/>\n<meta property=\"og:image\" content=\"https:\/\/ubahostel.net\/wp-content\/uploads\/2024\/03\/UbaHostel-V1.jpg\" \/>\n\t<meta property=\"og:image:width\" content=\"305\" \/>\n\t<meta property=\"og:image:height\" content=\"246\" \/>\n\t<meta property=\"og:image:type\" content=\"image\/jpeg\" \/>\n<meta name=\"twitter:card\" content=\"summary_large_image\" \/>\n<meta name=\"twitter:label1\" content=\"Dur\u00e9e de lecture estim\u00e9e\" \/>\n\t<meta name=\"twitter:data1\" content=\"5 minutes\" \/>\n<script type=\"application\/ld+json\" class=\"yoast-schema-graph\">{\"@context\":\"https:\/\/schema.org\",\"@graph\":[{\"@type\":\"WebPage\",\"@id\":\"https:\/\/ubahostel.net\/fr\/comment-est-uba-hostel\/\",\"url\":\"https:\/\/ubahostel.net\/fr\/comment-est-uba-hostel\/\",\"name\":\"Comment est Uba Hostel | Uba Hostel\",\"isPartOf\":{\"@id\":\"https:\/\/ubahostel.net\/#website\"},\"datePublished\":\"2024-03-26T13:00:53+00:00\",\"dateModified\":\"2024-04-09T11:42:14+00:00\",\"breadcrumb\":{\"@id\":\"https:\/\/ubahostel.net\/fr\/comment-est-uba-hostel\/#breadcrumb\"},\"inLanguage\":\"fr-FR\",\"potentialAction\":[{\"@type\":\"ReadAction\",\"target\":[\"https:\/\/ubahostel.net\/fr\/comment-est-uba-hostel\/\"]}]},{\"@type\":\"BreadcrumbList\",\"@id\":\"https:\/\/ubahostel.net\/fr\/comment-est-uba-hostel\/#breadcrumb\",\"itemListElement\":[{\"@type\":\"ListItem\",\"position\":1,\"name\":\"Portada\",\"item\":\"https:\/\/ubahostel.net\/fr\/\"},{\"@type\":\"ListItem\",\"position\":2,\"name\":\"Comment est Uba Hostel\"}]},{\"@type\":\"WebSite\",\"@id\":\"https:\/\/ubahostel.net\/#website\",\"url\":\"https:\/\/ubahostel.net\/\",\"name\":\"Uba Hostel\",\"description\":\"Uba Hostel en Donostia - San Sebastian\",\"alternateName\":\"Hostel en Donostia - San Sebastian\",\"potentialAction\":[{\"@type\":\"SearchAction\",\"target\":{\"@type\":\"EntryPoint\",\"urlTemplate\":\"https:\/\/ubahostel.net\/?s={search_term_string}\"},\"query-input\":{\"@type\":\"PropertyValueSpecification\",\"valueRequired\":true,\"valueName\":\"search_term_string\"}}],\"inLanguage\":\"fr-FR\"}]}<\/script>\n<!-- \/ Yoast SEO plugin. -->","yoast_head_json":{"title":"Comment est Uba Hostel | Uba Hostel","robots":{"index":"index","follow":"follow","max-snippet":"max-snippet:-1","max-image-preview":"max-image-preview:large","max-video-preview":"max-video-preview:-1"},"canonical":"https:\/\/ubahostel.net\/fr\/comment-est-uba-hostel\/","og_locale":"fr_FR","og_type":"article","og_title":"Comment est Uba Hostel | Uba Hostel","og_description":"\u00c0 QUOI RESSEMBLE L\u2019AUBERGE UBA Qui sommes nousUba Hostel est situ\u00e9 au c\u0153ur du parc Ametzagaina, l'un des poumons verts de Donostia-San Sebasti\u00e1n, ce qui signifie que le b\u00e2timent est entour\u00e9 de grands arbres et de jardins qui procurent une sensation de d\u00e9tente \u00e0 toutes les personnes qui y s\u00e9journent. En plus des ext\u00e9rieurs, \u00e9quip\u00e9s [&hellip;]","og_url":"https:\/\/ubahostel.net\/fr\/comment-est-uba-hostel\/","og_site_name":"Uba Hostel","article_modified_time":"2024-04-09T11:42:14+00:00","og_image":[{"width":305,"height":246,"url":"https:\/\/ubahostel.net\/wp-content\/uploads\/2024\/03\/UbaHostel-V1.jpg","type":"image\/jpeg"}],"twitter_card":"summary_large_image","twitter_misc":{"Dur\u00e9e de lecture estim\u00e9e":"5 minutes"},"schema":{"@context":"https:\/\/schema.org","@graph":[{"@type":"WebPage","@id":"https:\/\/ubahostel.net\/fr\/comment-est-uba-hostel\/","url":"https:\/\/ubahostel.net\/fr\/comment-est-uba-hostel\/","name":"Comment est Uba Hostel | Uba Hostel","isPartOf":{"@id":"https:\/\/ubahostel.net\/#website"},"datePublished":"2024-03-26T13:00:53+00:00","dateModified":"2024-04-09T11:42:14+00:00","breadcrumb":{"@id":"https:\/\/ubahostel.net\/fr\/comment-est-uba-hostel\/#breadcrumb"},"inLanguage":"fr-FR","potentialAction":[{"@type":"ReadAction","target":["https:\/\/ubahostel.net\/fr\/comment-est-uba-hostel\/"]}]},{"@type":"BreadcrumbList","@id":"https:\/\/ubahostel.net\/fr\/comment-est-uba-hostel\/#breadcrumb","itemListElement":[{"@type":"ListItem","position":1,"name":"Portada","item":"https:\/\/ubahostel.net\/fr\/"},{"@type":"ListItem","position":2,"name":"Comment est Uba Hostel"}]},{"@type":"WebSite","@id":"https:\/\/ubahostel.net\/#website","url":"https:\/\/ubahostel.net\/","name":"Uba Hostel","description":"Uba Hostel en Donostia - San Sebastian","alternateName":"Hostel en Donostia - San Sebastian","potentialAction":[{"@type":"SearchAction","target":{"@type":"EntryPoint","urlTemplate":"https:\/\/ubahostel.net\/?s={search_term_string}"},"query-input":{"@type":"PropertyValueSpecification","valueRequired":true,"valueName":"search_term_string"}}],"inLanguage":"fr-FR"}]}},"_links":{"self":[{"href":"https:\/\/ubahostel.net\/fr\/wp-json\/wp\/v2\/pages\/579","targetHints":{"allow":["GET"]}}],"collection":[{"href":"https:\/\/ubahostel.net\/fr\/wp-json\/wp\/v2\/pages"}],"about":[{"href":"https:\/\/ubahostel.net\/fr\/wp-json\/wp\/v2\/types\/page"}],"author":[{"embeddable":true,"href":"https:\/\/ubahostel.net\/fr\/wp-json\/wp\/v2\/users\/1"}],"replies":[{"embeddable":true,"href":"https:\/\/ubahostel.net\/fr\/wp-json\/wp\/v2\/comments?post=579"}],"version-history":[{"count":6,"href":"https:\/\/ubahostel.net\/fr\/wp-json\/wp\/v2\/pages\/579\/revisions"}],"predecessor-version":[{"id":929,"href":"https:\/\/ubahostel.net\/fr\/wp-json\/wp\/v2\/pages\/579\/revisions\/929"}],"wp:attachment":[{"href":"https:\/\/ubahostel.net\/fr\/wp-json\/wp\/v2\/media?parent=579"}],"curies":[{"name":"wp","href":"https:\/\/api.w.org\/{rel}","templated":true}]}}