{"id":646,"date":"2024-04-02T11:10:15","date_gmt":"2024-04-02T09:10:15","guid":{"rendered":"https:\/\/ubahostel.net\/restauracion-otxoki-taberna\/"},"modified":"2026-01-28T11:05:56","modified_gmt":"2026-01-28T10:05:56","slug":"restauration-otxoki-taverne","status":"publish","type":"page","link":"https:\/\/ubahostel.net\/fr\/restauration-otxoki-taverne\/","title":{"rendered":"Restauration &#8211; Otxoki Taverne"},"content":{"rendered":"<p>[et_pb_section fb_built=\u00a0\u00bb1&Prime; admin_label=\u00a0\u00bbsection\u00a0\u00bb _builder_version=\u00a0\u00bb4.24.2&Prime; background_image=\u00a0\u00bbhttps:\/\/ubahostel.net\/wp-content\/uploads\/2024\/04\/pintxos.jpeg\u00a0\u00bb custom_padding=\u00a0\u00bb||0px||false|false\u00a0\u00bb global_colors_info=\u00a0\u00bb{}\u00a0\u00bb][et_pb_row admin_label=\u00a0\u00bbrow\u00a0\u00bb _builder_version=\u00a0\u00bb4.24.2&Prime; background_size=\u00a0\u00bbinitial\u00a0\u00bb background_position=\u00a0\u00bbtop_left\u00a0\u00bb background_repeat=\u00a0\u00bbrepeat\u00a0\u00bb custom_padding=\u00a0\u00bb75px||75px||false|false\u00a0\u00bb global_colors_info=\u00a0\u00bb{}\u00a0\u00bb][et_pb_column type=\u00a0\u00bb4_4&Prime; _builder_version=\u00a0\u00bb4.16&Prime; custom_padding=\u00a0\u00bb|||\u00a0\u00bb global_colors_info=\u00a0\u00bb{}\u00a0\u00bb custom_padding__hover=\u00a0\u00bb|||\u00a0\u00bb][et_pb_text _builder_version=\u00a0\u00bb4.24.2&Prime; _module_preset=\u00a0\u00bbdefault\u00a0\u00bb text_font_size=\u00a0\u00bb20px\u00a0\u00bb header_font=\u00a0\u00bb|800||on|||||\u00a0\u00bb header_text_align=\u00a0\u00bbcenter\u00a0\u00bb header_font_size=\u00a0\u00bb36px\u00a0\u00bb text_orientation=\u00a0\u00bbcenter\u00a0\u00bb background_layout=\u00a0\u00bbdark\u00a0\u00bb header_text_shadow_style=\u00a0\u00bbpreset1&Prime; global_colors_info=\u00a0\u00bb{}\u00a0\u00bb]<\/p>\n<h1>OTXOKI TAVERNE<\/h1>\n<p>Montez dans les environs d&rsquo;Ametzagaina et laissez-vous surprendre.<\/p>\n<p>[\/et_pb_text][\/et_pb_column][\/et_pb_row][\/et_pb_section][et_pb_section fb_built=\u00a0\u00bb1&Prime; _builder_version=\u00a0\u00bb4.24.2&Prime; _module_preset=\u00a0\u00bbdefault\u00a0\u00bb custom_padding=\u00a0\u00bb20px||0px||false|false\u00a0\u00bb global_colors_info=\u00a0\u00bb{}\u00a0\u00bb][et_pb_row column_structure=\u00a0\u00bb3_5,2_5&Prime; _builder_version=\u00a0\u00bb4.24.2&Prime; _module_preset=\u00a0\u00bbdefault\u00a0\u00bb global_colors_info=\u00a0\u00bb{}\u00a0\u00bb][et_pb_column type=\u00a0\u00bb3_5&Prime; _builder_version=\u00a0\u00bb4.24.2&Prime; _module_preset=\u00a0\u00bbdefault\u00a0\u00bb global_colors_info=\u00a0\u00bb{}\u00a0\u00bb][et_pb_text _builder_version=\u00a0\u00bb4.24.2&Prime; _module_preset=\u00a0\u00bbdefault\u00a0\u00bb global_colors_info=\u00a0\u00bb{}\u00a0\u00bb]<\/p>\n<p><strong>Otxoki Taberna<\/strong>, rattach\u00e9e \u00e0 l&rsquo;auberge, offre \u00e0 nos clients le service dont ils ont besoin.<\/p>\n<p>Avec un \u00e9tablissement polyvalent et sa grande terrasse, nous pouvons commencer la journ\u00e9e avec nos excellents petits d\u00e9jeuners, profiter de l&rsquo;ap\u00e9ritif ou du plat du jour pr\u00e9par\u00e9 \u00e0 partir d&rsquo;une cuisine traditionnelle aux accents avant-gardistes, et terminer avec un caf\u00e9 en pleine nature ou un verre tranquille en plein air. .<\/p>\n<p>Chez <strong>Otxoki<\/strong>, nous servons non seulement les personnes et les groupes s\u00e9journant \u00e0 l&rsquo;UBA, en r\u00e9pondant \u00e0 leurs besoins, mais nous sommes \u00e9galement ouverts \u00e0 toutes les personnes de Saint-S\u00e9bastien ou visiteurs.<\/p>\n<p>Montez aux alentours d&rsquo;Ametzagiana et laissez-vous surprendre.<\/p>\n<p>[\/et_pb_text][\/et_pb_column][et_pb_column type=\u00a0\u00bb2_5&Prime; _builder_version=\u00a0\u00bb4.24.2&Prime; _module_preset=\u00a0\u00bbdefault\u00a0\u00bb global_colors_info=\u00a0\u00bb{}\u00a0\u00bb][et_pb_image src=\u00a0\u00bbhttps:\/\/ubahostel.net\/wp-content\/uploads\/2024\/04\/uba-hostel-kafetegia.jpg\u00a0\u00bb title_text=\u00a0\u00bbuba-hostel-kafetegia\u00a0\u00bb _builder_version=\u00a0\u00bb4.24.2&Prime; _module_preset=\u00a0\u00bbdefault\u00a0\u00bb global_colors_info=\u00a0\u00bb{}\u00a0\u00bb][\/et_pb_image][\/et_pb_column][\/et_pb_row][\/et_pb_section][et_pb_section fb_built=\u00a0\u00bb1&Prime; _builder_version=\u00a0\u00bb4.24.2&Prime; _module_preset=\u00a0\u00bbdefault\u00a0\u00bb custom_padding=\u00a0\u00bb0px||||false|false\u00a0\u00bb global_colors_info=\u00a0\u00bb{}\u00a0\u00bb][et_pb_row _builder_version=\u00a0\u00bb4.24.2&Prime; _module_preset=\u00a0\u00bbdefault\u00a0\u00bb custom_padding=\u00a0\u00bb||15px||false|false\u00a0\u00bb global_colors_info=\u00a0\u00bb{}\u00a0\u00bb][et_pb_column type=\u00a0\u00bb4_4&Prime; _builder_version=\u00a0\u00bb4.24.2&Prime; _module_preset=\u00a0\u00bbdefault\u00a0\u00bb global_colors_info=\u00a0\u00bb{}\u00a0\u00bb][et_pb_text _builder_version=\u00a0\u00bb4.24.2&Prime; _module_preset=\u00a0\u00bbdefault\u00a0\u00bb text_text_color=\u00a0\u00bb#EC770C\u00a0\u00bb header_text_color=\u00a0\u00bb#EC770C\u00a0\u00bb global_colors_info=\u00a0\u00bb{}\u00a0\u00bb]<\/p>\n<h2>\u00c9v\u00e9nements, c\u00e9l\u00e9brations et tout ce que vous imaginez:<\/h2>\n<p>[\/et_pb_text][\/et_pb_column][\/et_pb_row][et_pb_row column_structure=\u00a0\u00bb2_5,3_5&Prime; _builder_version=\u00a0\u00bb4.24.2&Prime; _module_preset=\u00a0\u00bbdefault\u00a0\u00bb width=\u00a0\u00bb100%\u00a0\u00bb custom_padding=\u00a0\u00bb0px||||false|false\u00a0\u00bb global_colors_info=\u00a0\u00bb{}\u00a0\u00bb][et_pb_column type=\u00a0\u00bb2_5&Prime; _builder_version=\u00a0\u00bb4.24.2&Prime; _module_preset=\u00a0\u00bbdefault\u00a0\u00bb global_colors_info=\u00a0\u00bb{}\u00a0\u00bb][et_pb_image src=\u00a0\u00bbhttps:\/\/ubahostel.net\/wp-content\/uploads\/2024\/04\/cenas-uba-hostel.jpg\u00a0\u00bb title_text=\u00a0\u00bbcenas-uba-hostel\u00a0\u00bb _builder_version=\u00a0\u00bb4.24.2&Prime; _module_preset=\u00a0\u00bbdefault\u00a0\u00bb global_colors_info=\u00a0\u00bb{}\u00a0\u00bb][\/et_pb_image][\/et_pb_column][et_pb_column type=\u00a0\u00bb3_5&Prime; _builder_version=\u00a0\u00bb4.24.2&Prime; _module_preset=\u00a0\u00bbdefault\u00a0\u00bb global_colors_info=\u00a0\u00bb{}\u00a0\u00bb][et_pb_text _builder_version=\u00a0\u00bb4.24.2&Prime; _module_preset=\u00a0\u00bbdefault\u00a0\u00bb global_colors_info=\u00a0\u00bb{}\u00a0\u00bb]<\/p>\n<p>Notre vaste exp\u00e9rience en tant qu&rsquo;h\u00f4teliers s&rsquo;associe \u00e0 un environnement naturel et calme id\u00e9al pour faire d&rsquo;Otxoki votre option pr\u00e9f\u00e9r\u00e9e pour organiser vos \u00e9v\u00e9nements et c\u00e9l\u00e9brations.<\/p>\n<p>En disposant des installations de l&rsquo;Uba Hostel, nous pouvons tout offrir, depuis un d\u00e9jeuner, une pause-caf\u00e9 ou un petit-d\u00e9jeuner pour votre \u00e9quipe de travail ou une collation pour cette pr\u00e9sentation dans laquelle vous devez jouer au billard.<\/p>\n<p>Mais si votre c\u00e9l\u00e9bration est plus familiale, entre amis, avec des plats servis et tranquillement, notre salle \u00e0 manger avec vue sur le jardin et notre \u00e9quipe de professionnels se chargeront de faire de ce repas un moment inoubliable.<\/p>\n<p>[\/et_pb_text][\/et_pb_column][\/et_pb_row][\/et_pb_section][et_pb_section fb_built=\u00a0\u00bb1&Prime; disabled_on=\u00a0\u00bbon|on|on\u00a0\u00bb _builder_version=\u00a0\u00bb4.24.2&Prime; _module_preset=\u00a0\u00bbdefault\u00a0\u00bb background_color=\u00a0\u00bb#666666&Prime; custom_padding=\u00a0\u00bb25px||25px||false|false\u00a0\u00bb disabled=\u00a0\u00bbon\u00a0\u00bb global_colors_info=\u00a0\u00bb{}\u00a0\u00bb][et_pb_row column_structure=\u00a0\u00bb1_3,2_3&Prime; _builder_version=\u00a0\u00bb4.24.2&Prime; _module_preset=\u00a0\u00bbdefault\u00a0\u00bb background_color=\u00a0\u00bbRGBA(255,255,255,0)\u00a0\u00bb width=\u00a0\u00bb100%\u00a0\u00bb custom_padding=\u00a0\u00bb20px||20px||false|false\u00a0\u00bb global_colors_info=\u00a0\u00bb{}\u00a0\u00bb][et_pb_column type=\u00a0\u00bb1_3&Prime; _builder_version=\u00a0\u00bb4.24.2&Prime; _module_preset=\u00a0\u00bbdefault\u00a0\u00bb global_colors_info=\u00a0\u00bb{}\u00a0\u00bb][et_pb_icon font_icon=\u00a0\u00bb&#xf1b0;||fa||900&Prime; icon_color=\u00a0\u00bb#EC770C\u00a0\u00bb icon_width=\u00a0\u00bb75px\u00a0\u00bb _builder_version=\u00a0\u00bb4.24.2&Prime; _module_preset=\u00a0\u00bbdefault\u00a0\u00bb global_colors_info=\u00a0\u00bb{}\u00a0\u00bb][\/et_pb_icon][\/et_pb_column][et_pb_column type=\u00a0\u00bb2_3&Prime; _builder_version=\u00a0\u00bb4.24.2&Prime; _module_preset=\u00a0\u00bbdefault\u00a0\u00bb global_colors_info=\u00a0\u00bb{}\u00a0\u00bb][et_pb_text _builder_version=\u00a0\u00bb4.24.2&Prime; _module_preset=\u00a0\u00bbdefault\u00a0\u00bb header_text_color=\u00a0\u00bb#FFFFFF\u00a0\u00bb global_colors_info=\u00a0\u00bb{}\u00a0\u00bb]<\/p>\n<h2>Accepte les chiens<\/h2>\n<p>Nous savons \u00e0 quel point nos compagnons \u00e0 fourrure sont importants pour nous. N&rsquo;h\u00e9sitez pas et venez accompagn\u00e9 \u00e0 Otxoki<\/p>\n<p>[\/et_pb_text][\/et_pb_column][\/et_pb_row][\/et_pb_section][et_pb_section fb_built=\u00a0\u00bb1&Prime; _builder_version=\u00a0\u00bb4.27.4&Prime; _module_preset=\u00a0\u00bbdefault\u00a0\u00bb background_color=\u00a0\u00bb#dfe6c9&Prime; custom_padding=\u00a0\u00bb25px||25px||false|false\u00a0\u00bb hover_enabled=\u00a0\u00bb0&Prime; global_colors_info=\u00a0\u00bb{}\u00a0\u00bb sticky_enabled=\u00a0\u00bb0&Prime;][et_pb_row column_structure=\u00a0\u00bb1_3,2_3&Prime; _builder_version=\u00a0\u00bb4.24.2&Prime; _module_preset=\u00a0\u00bbdefault\u00a0\u00bb custom_padding=\u00a0\u00bb25px||25px||false|false\u00a0\u00bb hover_enabled=\u00a0\u00bb0&Prime; global_colors_info=\u00a0\u00bb{}\u00a0\u00bb sticky_enabled=\u00a0\u00bb0&Prime;][et_pb_column type=\u00a0\u00bb1_3&Prime; _builder_version=\u00a0\u00bb4.24.2&Prime; _module_preset=\u00a0\u00bbdefault\u00a0\u00bb global_colors_info=\u00a0\u00bb{}\u00a0\u00bb][et_pb_icon font_icon=\u00a0\u00bb&#xf0e0;||fa||900&Prime; icon_color=\u00a0\u00bb#EC770C\u00a0\u00bb icon_width=\u00a0\u00bb75px\u00a0\u00bb _builder_version=\u00a0\u00bb4.24.2&Prime; _module_preset=\u00a0\u00bbdefault\u00a0\u00bb global_colors_info=\u00a0\u00bb{}\u00a0\u00bb][\/et_pb_icon][\/et_pb_column][et_pb_column type=\u00a0\u00bb2_3&Prime; _builder_version=\u00a0\u00bb4.24.2&Prime; _module_preset=\u00a0\u00bbdefault\u00a0\u00bb global_colors_info=\u00a0\u00bb{}\u00a0\u00bb][et_pb_text _builder_version=\u00a0\u00bb4.24.2&Prime; _module_preset=\u00a0\u00bbdefault\u00a0\u00bb text_text_color=\u00a0\u00bb#EC770C\u00a0\u00bb header_text_color=\u00a0\u00bb#EC770C\u00a0\u00bb custom_margin=\u00a0\u00bb25px||||false|false\u00a0\u00bb global_colors_info=\u00a0\u00bb{}\u00a0\u00bb]<\/p>\n<h2><a href=\"mailto:otxoki@ubahostel.net\">otxoki@ubahostel.net<\/a><\/h2>\n<p>[\/et_pb_text][\/et_pb_column][\/et_pb_row][\/et_pb_section][et_pb_section fb_built=\u00a0\u00bb1&Prime; _builder_version=\u00a0\u00bb4.24.2&Prime; _module_preset=\u00a0\u00bbdefault\u00a0\u00bb width=\u00a0\u00bb100%\u00a0\u00bb max_width=\u00a0\u00bb100%\u00a0\u00bb module_alignment=\u00a0\u00bbcenter\u00a0\u00bb custom_margin=\u00a0\u00bb0px||0px||false|false\u00a0\u00bb custom_padding=\u00a0\u00bb0px||0px||false|false\u00a0\u00bb global_colors_info=\u00a0\u00bb{}\u00a0\u00bb][et_pb_row use_custom_gutter=\u00a0\u00bbon\u00a0\u00bb gutter_width=\u00a0\u00bb1&Prime; _builder_version=\u00a0\u00bb4.24.2&Prime; _module_preset=\u00a0\u00bbdefault\u00a0\u00bb background_color=\u00a0\u00bbRGBA(255,255,255,0)\u00a0\u00bb width=\u00a0\u00bb100%\u00a0\u00bb max_width=\u00a0\u00bb100%\u00a0\u00bb module_alignment=\u00a0\u00bbcenter\u00a0\u00bb custom_margin=\u00a0\u00bb0px||0px||false|false\u00a0\u00bb custom_padding=\u00a0\u00bb0px||0px||false|false\u00a0\u00bb global_colors_info=\u00a0\u00bb{}\u00a0\u00bb][et_pb_column type=\u00a0\u00bb4_4&Prime; _builder_version=\u00a0\u00bb4.24.2&Prime; _module_preset=\u00a0\u00bbdefault\u00a0\u00bb custom_padding=\u00a0\u00bb0px||0px||false|false\u00a0\u00bb global_colors_info=\u00a0\u00bb{}\u00a0\u00bb][et_pb_code _builder_version=\u00a0\u00bb4.24.2&Prime; _module_preset=\u00a0\u00bbdefault\u00a0\u00bb width=\u00a0\u00bb100%\u00a0\u00bb max_width=\u00a0\u00bb100%\u00a0\u00bb module_alignment=\u00a0\u00bbcenter\u00a0\u00bb custom_margin=\u00a0\u00bb0px||0px||false|false\u00a0\u00bb custom_padding=\u00a0\u00bb0px||0px||false|false\u00a0\u00bb global_colors_info=\u00a0\u00bb{}\u00a0\u00bb]<iframe src=\"https:\/\/www.google.com\/maps\/embed?pb=!1m18!1m12!1m3!1d1999.3177965541795!2d-1.9548209335879105!3d43.30761646455089!2m3!1f0!2f0!3f0!3m2!1i1024!2i768!4f13.1!3m3!1m2!1s0xd51af841eea1b75%3A0x302562ec7593a8d1!2sGreen%20Nest%20Hostel%20Uba%20Aterpetxea!5e0!3m2!1ses!2ses!4v1695049342436!5m2!1ses!2ses\" width=\"100%\" height=\"450\" style=\"border:0;\" allowfullscreen=\"\" loading=\"lazy\" referrerpolicy=\"no-referrer-when-downgrade\"><\/iframe>[\/et_pb_code][\/et_pb_column][\/et_pb_row][\/et_pb_section]<\/p>\n","protected":false},"excerpt":{"rendered":"<p>OTXOKI TAVERNE Montez dans les environs d&rsquo;Ametzagaina et laissez-vous surprendre.Otxoki Taberna, rattach\u00e9e \u00e0 l&rsquo;auberge, offre \u00e0 nos clients le service dont ils ont besoin. Avec un \u00e9tablissement polyvalent et sa grande terrasse, nous pouvons commencer la journ\u00e9e avec nos excellents petits d\u00e9jeuners, profiter de l&rsquo;ap\u00e9ritif ou du plat du jour pr\u00e9par\u00e9 \u00e0 partir d&rsquo;une cuisine [&hellip;]<\/p>\n","protected":false},"author":1,"featured_media":0,"parent":0,"menu_order":0,"comment_status":"closed","ping_status":"closed","template":"","meta":{"_et_pb_use_builder":"on","_et_pb_old_content":"","_et_gb_content_width":"","_exactmetrics_skip_tracking":false,"_exactmetrics_sitenote_active":false,"_exactmetrics_sitenote_note":"","_exactmetrics_sitenote_category":0,"footnotes":""},"class_list":["post-646","page","type-page","status-publish","hentry"],"yoast_head":"<!-- This site is optimized with the Yoast SEO plugin v26.4 - https:\/\/yoast.com\/wordpress\/plugins\/seo\/ -->\n<title>Restauration - Otxoki Taverne | Uba Hostel<\/title>\n<meta name=\"robots\" content=\"index, follow, max-snippet:-1, max-image-preview:large, max-video-preview:-1\" \/>\n<link rel=\"canonical\" href=\"https:\/\/ubahostel.net\/fr\/restauration-otxoki-taverne\/\" \/>\n<meta property=\"og:locale\" content=\"fr_FR\" \/>\n<meta property=\"og:type\" content=\"article\" \/>\n<meta property=\"og:title\" content=\"Restauration - Otxoki Taverne | Uba Hostel\" \/>\n<meta property=\"og:description\" content=\"OTXOKI TAVERNE Montez dans les environs d&#039;Ametzagaina et laissez-vous surprendre.Otxoki Taberna, rattach\u00e9e \u00e0 l&#039;auberge, offre \u00e0 nos clients le service dont ils ont besoin. Avec un \u00e9tablissement polyvalent et sa grande terrasse, nous pouvons commencer la journ\u00e9e avec nos excellents petits d\u00e9jeuners, profiter de l&#039;ap\u00e9ritif ou du plat du jour pr\u00e9par\u00e9 \u00e0 partir d&#039;une cuisine [&hellip;]\" \/>\n<meta property=\"og:url\" content=\"https:\/\/ubahostel.net\/fr\/restauration-otxoki-taverne\/\" \/>\n<meta property=\"og:site_name\" content=\"Uba Hostel\" \/>\n<meta property=\"article:modified_time\" content=\"2026-01-28T10:05:56+00:00\" \/>\n<meta property=\"og:image\" content=\"https:\/\/ubahostel.net\/wp-content\/uploads\/2024\/03\/UbaHostel-V1.jpg\" \/>\n\t<meta property=\"og:image:width\" content=\"305\" \/>\n\t<meta property=\"og:image:height\" content=\"246\" \/>\n\t<meta property=\"og:image:type\" content=\"image\/jpeg\" \/>\n<meta name=\"twitter:card\" content=\"summary_large_image\" \/>\n<meta name=\"twitter:label1\" content=\"Dur\u00e9e de lecture estim\u00e9e\" \/>\n\t<meta name=\"twitter:data1\" content=\"5 minutes\" \/>\n<script type=\"application\/ld+json\" class=\"yoast-schema-graph\">{\"@context\":\"https:\/\/schema.org\",\"@graph\":[{\"@type\":\"WebPage\",\"@id\":\"https:\/\/ubahostel.net\/fr\/restauration-otxoki-taverne\/\",\"url\":\"https:\/\/ubahostel.net\/fr\/restauration-otxoki-taverne\/\",\"name\":\"Restauration - Otxoki Taverne | Uba Hostel\",\"isPartOf\":{\"@id\":\"https:\/\/ubahostel.net\/#website\"},\"datePublished\":\"2024-04-02T09:10:15+00:00\",\"dateModified\":\"2026-01-28T10:05:56+00:00\",\"breadcrumb\":{\"@id\":\"https:\/\/ubahostel.net\/fr\/restauration-otxoki-taverne\/#breadcrumb\"},\"inLanguage\":\"fr-FR\",\"potentialAction\":[{\"@type\":\"ReadAction\",\"target\":[\"https:\/\/ubahostel.net\/fr\/restauration-otxoki-taverne\/\"]}]},{\"@type\":\"BreadcrumbList\",\"@id\":\"https:\/\/ubahostel.net\/fr\/restauration-otxoki-taverne\/#breadcrumb\",\"itemListElement\":[{\"@type\":\"ListItem\",\"position\":1,\"name\":\"Portada\",\"item\":\"https:\/\/ubahostel.net\/fr\/\"},{\"@type\":\"ListItem\",\"position\":2,\"name\":\"Restauration &#8211; Otxoki Taverne\"}]},{\"@type\":\"WebSite\",\"@id\":\"https:\/\/ubahostel.net\/#website\",\"url\":\"https:\/\/ubahostel.net\/\",\"name\":\"Uba Hostel\",\"description\":\"Uba Hostel en Donostia - San Sebastian\",\"alternateName\":\"Hostel en Donostia - San Sebastian\",\"potentialAction\":[{\"@type\":\"SearchAction\",\"target\":{\"@type\":\"EntryPoint\",\"urlTemplate\":\"https:\/\/ubahostel.net\/?s={search_term_string}\"},\"query-input\":{\"@type\":\"PropertyValueSpecification\",\"valueRequired\":true,\"valueName\":\"search_term_string\"}}],\"inLanguage\":\"fr-FR\"}]}<\/script>\n<!-- \/ Yoast SEO plugin. -->","yoast_head_json":{"title":"Restauration - Otxoki Taverne | Uba Hostel","robots":{"index":"index","follow":"follow","max-snippet":"max-snippet:-1","max-image-preview":"max-image-preview:large","max-video-preview":"max-video-preview:-1"},"canonical":"https:\/\/ubahostel.net\/fr\/restauration-otxoki-taverne\/","og_locale":"fr_FR","og_type":"article","og_title":"Restauration - Otxoki Taverne | Uba Hostel","og_description":"OTXOKI TAVERNE Montez dans les environs d'Ametzagaina et laissez-vous surprendre.Otxoki Taberna, rattach\u00e9e \u00e0 l'auberge, offre \u00e0 nos clients le service dont ils ont besoin. Avec un \u00e9tablissement polyvalent et sa grande terrasse, nous pouvons commencer la journ\u00e9e avec nos excellents petits d\u00e9jeuners, profiter de l'ap\u00e9ritif ou du plat du jour pr\u00e9par\u00e9 \u00e0 partir d'une cuisine [&hellip;]","og_url":"https:\/\/ubahostel.net\/fr\/restauration-otxoki-taverne\/","og_site_name":"Uba Hostel","article_modified_time":"2026-01-28T10:05:56+00:00","og_image":[{"width":305,"height":246,"url":"https:\/\/ubahostel.net\/wp-content\/uploads\/2024\/03\/UbaHostel-V1.jpg","type":"image\/jpeg"}],"twitter_card":"summary_large_image","twitter_misc":{"Dur\u00e9e de lecture estim\u00e9e":"5 minutes"},"schema":{"@context":"https:\/\/schema.org","@graph":[{"@type":"WebPage","@id":"https:\/\/ubahostel.net\/fr\/restauration-otxoki-taverne\/","url":"https:\/\/ubahostel.net\/fr\/restauration-otxoki-taverne\/","name":"Restauration - Otxoki Taverne | Uba Hostel","isPartOf":{"@id":"https:\/\/ubahostel.net\/#website"},"datePublished":"2024-04-02T09:10:15+00:00","dateModified":"2026-01-28T10:05:56+00:00","breadcrumb":{"@id":"https:\/\/ubahostel.net\/fr\/restauration-otxoki-taverne\/#breadcrumb"},"inLanguage":"fr-FR","potentialAction":[{"@type":"ReadAction","target":["https:\/\/ubahostel.net\/fr\/restauration-otxoki-taverne\/"]}]},{"@type":"BreadcrumbList","@id":"https:\/\/ubahostel.net\/fr\/restauration-otxoki-taverne\/#breadcrumb","itemListElement":[{"@type":"ListItem","position":1,"name":"Portada","item":"https:\/\/ubahostel.net\/fr\/"},{"@type":"ListItem","position":2,"name":"Restauration &#8211; Otxoki Taverne"}]},{"@type":"WebSite","@id":"https:\/\/ubahostel.net\/#website","url":"https:\/\/ubahostel.net\/","name":"Uba Hostel","description":"Uba Hostel en Donostia - San Sebastian","alternateName":"Hostel en Donostia - San Sebastian","potentialAction":[{"@type":"SearchAction","target":{"@type":"EntryPoint","urlTemplate":"https:\/\/ubahostel.net\/?s={search_term_string}"},"query-input":{"@type":"PropertyValueSpecification","valueRequired":true,"valueName":"search_term_string"}}],"inLanguage":"fr-FR"}]}},"_links":{"self":[{"href":"https:\/\/ubahostel.net\/fr\/wp-json\/wp\/v2\/pages\/646","targetHints":{"allow":["GET"]}}],"collection":[{"href":"https:\/\/ubahostel.net\/fr\/wp-json\/wp\/v2\/pages"}],"about":[{"href":"https:\/\/ubahostel.net\/fr\/wp-json\/wp\/v2\/types\/page"}],"author":[{"embeddable":true,"href":"https:\/\/ubahostel.net\/fr\/wp-json\/wp\/v2\/users\/1"}],"replies":[{"embeddable":true,"href":"https:\/\/ubahostel.net\/fr\/wp-json\/wp\/v2\/comments?post=646"}],"version-history":[{"count":9,"href":"https:\/\/ubahostel.net\/fr\/wp-json\/wp\/v2\/pages\/646\/revisions"}],"predecessor-version":[{"id":2219,"href":"https:\/\/ubahostel.net\/fr\/wp-json\/wp\/v2\/pages\/646\/revisions\/2219"}],"wp:attachment":[{"href":"https:\/\/ubahostel.net\/fr\/wp-json\/wp\/v2\/media?parent=646"}],"curies":[{"name":"wp","href":"https:\/\/api.w.org\/{rel}","templated":true}]}}