{"id":681,"date":"2024-03-26T15:51:47","date_gmt":"2024-03-26T14:51:47","guid":{"rendered":"https:\/\/ubahostel.net\/somos-un-proyecto-de-empleo-inclusivo\/"},"modified":"2024-04-08T16:53:38","modified_gmt":"2024-04-08T14:53:38","slug":"nous-sommes-un-projet-demploi-inclusif","status":"publish","type":"page","link":"https:\/\/ubahostel.net\/fr\/nous-sommes-un-projet-demploi-inclusif\/","title":{"rendered":"Nous sommes un projet d&#8217;emploi inclusif"},"content":{"rendered":"<p>[et_pb_section fb_built=\u00a0\u00bb1&Prime; _builder_version=\u00a0\u00bb4.24.2&Prime; _module_preset=\u00a0\u00bbdefault\u00a0\u00bb use_background_color_gradient=\u00a0\u00bbon\u00a0\u00bb background_color_gradient_stops=\u00a0\u00bbrgba(0,0,0,0.3) 0%|rgba(0,0,0,0.3) 100%\u00a0\u00bb background_color_gradient_overlays_image=\u00a0\u00bbon\u00a0\u00bb background_image=\u00a0\u00bbhttps:\/\/ubahostel.net\/wp-content\/uploads\/2024\/02\/home-fondo.jpg\u00a0\u00bb custom_padding=\u00a0\u00bb||30px||false|false\u00a0\u00bb global_colors_info=\u00a0\u00bb{}\u00a0\u00bb][et_pb_row _builder_version=\u00a0\u00bb4.24.2&Prime; _module_preset=\u00a0\u00bbdefault\u00a0\u00bb global_colors_info=\u00a0\u00bb{}\u00a0\u00bb][et_pb_column type=\u00a0\u00bb4_4&Prime; _builder_version=\u00a0\u00bb4.24.2&Prime; _module_preset=\u00a0\u00bbdefault\u00a0\u00bb global_colors_info=\u00a0\u00bb{}\u00a0\u00bb][et_pb_text admin_label=\u00a0\u00bbTitulo\u00a0\u00bb _builder_version=\u00a0\u00bb4.24.2&Prime; _module_preset=\u00a0\u00bbdefault\u00a0\u00bb text_font_size=\u00a0\u00bb20px\u00a0\u00bb header_font=\u00a0\u00bb|800||on|||||\u00a0\u00bb header_text_align=\u00a0\u00bbcenter\u00a0\u00bb header_font_size=\u00a0\u00bb36px\u00a0\u00bb text_orientation=\u00a0\u00bbcenter\u00a0\u00bb background_layout=\u00a0\u00bbdark\u00a0\u00bb hover_enabled=\u00a0\u00bb0&Prime; header_text_shadow_style=\u00a0\u00bbpreset1&Prime; global_colors_info=\u00a0\u00bb{}\u00a0\u00bb sticky_enabled=\u00a0\u00bb0&Prime;]<\/p>\n<h1>Nous sommes un projet d&#8217;emploi inclusif<\/h1>\n<p>[\/et_pb_text][\/et_pb_column][\/et_pb_row][\/et_pb_section][et_pb_section fb_built=\u00a0\u00bb1&Prime; _builder_version=\u00a0\u00bb4.24.2&Prime; _module_preset=\u00a0\u00bbdefault\u00a0\u00bb global_colors_info=\u00a0\u00bb{}\u00a0\u00bb][et_pb_row column_structure=\u00a0\u00bb2_5,3_5&Prime; _builder_version=\u00a0\u00bb4.24.2&Prime; _module_preset=\u00a0\u00bbdefault\u00a0\u00bb global_colors_info=\u00a0\u00bb{}\u00a0\u00bb][et_pb_column type=\u00a0\u00bb2_5&Prime; _builder_version=\u00a0\u00bb4.24.2&Prime; _module_preset=\u00a0\u00bbdefault\u00a0\u00bb global_colors_info=\u00a0\u00bb{}\u00a0\u00bb][et_pb_image src=\u00a0\u00bbhttps:\/\/ubahostel.net\/wp-content\/uploads\/2024\/03\/UbaHostel-V1.jpg\u00a0\u00bb title_text=\u00a0\u00bbUbaHostel-V1&Prime; align=\u00a0\u00bbcenter\u00a0\u00bb _builder_version=\u00a0\u00bb4.24.2&Prime; _module_preset=\u00a0\u00bbdefault\u00a0\u00bb global_colors_info=\u00a0\u00bb{}\u00a0\u00bb][\/et_pb_image][\/et_pb_column][et_pb_column type=\u00a0\u00bb3_5&Prime; _builder_version=\u00a0\u00bb4.24.2&Prime; _module_preset=\u00a0\u00bbdefault\u00a0\u00bb global_colors_info=\u00a0\u00bb{}\u00a0\u00bb][et_pb_text _builder_version=\u00a0\u00bb4.24.2&Prime; _module_preset=\u00a0\u00bbdefault\u00a0\u00bb hover_enabled=\u00a0\u00bb0&Prime; global_colors_info=\u00a0\u00bb{}\u00a0\u00bb sticky_enabled=\u00a0\u00bb0&Prime;]<\/p>\n<p>UBA Hostel participe \u00e0 un projet innovant pour offrir des opportunit\u00e9s de travail et am\u00e9liorer l\u2019employabilit\u00e9 de collectifs pr\u00e9sentant des difficult\u00e9s d\u2019insertion professionnelle sp\u00e9cifiques. Il s\u2019agit d\u2019une initiative g\u00e9r\u00e9e par la <a href=\"https:\/\/www.fomentosansebastian.eus\/es\">Sociedad Fomento de San Sebasti\u00e1n<\/a>, au travers de l\u2019entreprise d\u2019insertion <a href=\"https:\/\/edefundazioa.org\/que-hacemos-lineas-de-trabajo\/ede-empleo-inclusivo\/suspertu-sl-empresa-insercion-laboral\/\">Suspertu S.L<\/a>, avec le soutien d\u2019<a href=\"https:\/\/edefundazioa.org\/\">EDE Fundazioa<\/a>.<\/p>\n<p>Le projet professionnel d\u2019UBA Hostel a pour objectif la promotion de politiques d\u2019emploi innovantes, l\u2019acc\u00e8s \u00e0 une formation de base, le d\u00e9veloppement de la qualification professionnelle et l\u2019orientation, pour favoriser l\u2019acc\u00e8s \u00e0 l\u2019emploi de personnes confront\u00e9es \u00e0 des difficult\u00e9s temporaires. Il offre \u00e9galement la possibilit\u00e9 de r\u00e9aliser de stages conventionn\u00e9s. C\u2019est \u00e9galement un espace d\u2019opportunit\u00e9s pour exp\u00e9rimenter de nouvelles initiatives, notamment entrepreneuriales, dans le secteur du tourisme et des loisirs, acqu\u00e9rir de nouvelles comp\u00e9tences, etc.<\/p>\n<p>Suspertu, c\u2019est la volont\u00e9 de conjuguer l\u2019accueil de personnes pr\u00e9sentant des difficult\u00e9s temporaires d\u2019acc\u00e8s au march\u00e9 du travail avec la qualit\u00e9 des services et des \u00e9quipements.<br \/>Nous aimons offrir des services de qualit\u00e9 et prendre soin des moindres d\u00e9tails. Passionn\u00e9s par notre m\u00e9tier, nous sommes heureux de nous occuper de nos clients, de les \u00e9couter et de satisfaire leurs demandes.<\/p>\n<p>Nous voulons que vous vous sentiez acteur d\u2019un projet qui vous permettra non seulement d\u2019\u00eatre bien et de vous sentir chez vous, mais aussi de rendre la ville de Saint-S\u00e9bastien encore plus accueillante et plus humaine.<\/p>\n<p>VENEZ NOUS D\u00c9COUVRIR.<\/p>\n<p>[\/et_pb_text][\/et_pb_column][\/et_pb_row][\/et_pb_section]<\/p>\n","protected":false},"excerpt":{"rendered":"<p>Nous sommes un projet d&#8217;emploi inclusifUBA Hostel participe \u00e0 un projet innovant pour offrir des opportunit\u00e9s de travail et am\u00e9liorer l\u2019employabilit\u00e9 de collectifs pr\u00e9sentant des difficult\u00e9s d\u2019insertion professionnelle sp\u00e9cifiques. Il s\u2019agit d\u2019une initiative g\u00e9r\u00e9e par la Sociedad Fomento de San Sebasti\u00e1n, au travers de l\u2019entreprise d\u2019insertion Suspertu S.L, avec le soutien d\u2019EDE Fundazioa. Le projet [&hellip;]<\/p>\n","protected":false},"author":1,"featured_media":0,"parent":0,"menu_order":0,"comment_status":"closed","ping_status":"closed","template":"","meta":{"_et_pb_use_builder":"on","_et_pb_old_content":"","_et_gb_content_width":"","_exactmetrics_skip_tracking":false,"_exactmetrics_sitenote_active":false,"_exactmetrics_sitenote_note":"","_exactmetrics_sitenote_category":0,"footnotes":""},"class_list":["post-681","page","type-page","status-publish","hentry"],"yoast_head":"<!-- This site is optimized with the Yoast SEO plugin v26.4 - https:\/\/yoast.com\/wordpress\/plugins\/seo\/ -->\n<title>Nous sommes un projet d&#039;emploi inclusif | Uba Hostel<\/title>\n<meta name=\"robots\" content=\"index, follow, max-snippet:-1, max-image-preview:large, max-video-preview:-1\" \/>\n<link rel=\"canonical\" href=\"https:\/\/ubahostel.net\/fr\/nous-sommes-un-projet-demploi-inclusif\/\" \/>\n<meta property=\"og:locale\" content=\"fr_FR\" \/>\n<meta property=\"og:type\" content=\"article\" \/>\n<meta property=\"og:title\" content=\"Nous sommes un projet d&#039;emploi inclusif | Uba Hostel\" \/>\n<meta property=\"og:description\" content=\"Nous sommes un projet d&#039;emploi inclusifUBA Hostel participe \u00e0 un projet innovant pour offrir des opportunit\u00e9s de travail et am\u00e9liorer l\u2019employabilit\u00e9 de collectifs pr\u00e9sentant des difficult\u00e9s d\u2019insertion professionnelle sp\u00e9cifiques. Il s\u2019agit d\u2019une initiative g\u00e9r\u00e9e par la Sociedad Fomento de San Sebasti\u00e1n, au travers de l\u2019entreprise d\u2019insertion Suspertu S.L, avec le soutien d\u2019EDE Fundazioa. Le projet [&hellip;]\" \/>\n<meta property=\"og:url\" content=\"https:\/\/ubahostel.net\/fr\/nous-sommes-un-projet-demploi-inclusif\/\" \/>\n<meta property=\"og:site_name\" content=\"Uba Hostel\" \/>\n<meta property=\"article:modified_time\" content=\"2024-04-08T14:53:38+00:00\" \/>\n<meta property=\"og:image\" content=\"https:\/\/ubahostel.net\/wp-content\/uploads\/2024\/03\/UbaHostel-V1.jpg\" \/>\n\t<meta property=\"og:image:width\" content=\"305\" \/>\n\t<meta property=\"og:image:height\" content=\"246\" \/>\n\t<meta property=\"og:image:type\" content=\"image\/jpeg\" \/>\n<meta name=\"twitter:card\" content=\"summary_large_image\" \/>\n<meta name=\"twitter:label1\" content=\"Dur\u00e9e de lecture estim\u00e9e\" \/>\n\t<meta name=\"twitter:data1\" content=\"3 minutes\" \/>\n<script type=\"application\/ld+json\" class=\"yoast-schema-graph\">{\"@context\":\"https:\/\/schema.org\",\"@graph\":[{\"@type\":\"WebPage\",\"@id\":\"https:\/\/ubahostel.net\/fr\/nous-sommes-un-projet-demploi-inclusif\/\",\"url\":\"https:\/\/ubahostel.net\/fr\/nous-sommes-un-projet-demploi-inclusif\/\",\"name\":\"Nous sommes un projet d'emploi inclusif | Uba Hostel\",\"isPartOf\":{\"@id\":\"https:\/\/ubahostel.net\/#website\"},\"datePublished\":\"2024-03-26T14:51:47+00:00\",\"dateModified\":\"2024-04-08T14:53:38+00:00\",\"breadcrumb\":{\"@id\":\"https:\/\/ubahostel.net\/fr\/nous-sommes-un-projet-demploi-inclusif\/#breadcrumb\"},\"inLanguage\":\"fr-FR\",\"potentialAction\":[{\"@type\":\"ReadAction\",\"target\":[\"https:\/\/ubahostel.net\/fr\/nous-sommes-un-projet-demploi-inclusif\/\"]}]},{\"@type\":\"BreadcrumbList\",\"@id\":\"https:\/\/ubahostel.net\/fr\/nous-sommes-un-projet-demploi-inclusif\/#breadcrumb\",\"itemListElement\":[{\"@type\":\"ListItem\",\"position\":1,\"name\":\"Portada\",\"item\":\"https:\/\/ubahostel.net\/fr\/\"},{\"@type\":\"ListItem\",\"position\":2,\"name\":\"Nous sommes un projet d&#8217;emploi inclusif\"}]},{\"@type\":\"WebSite\",\"@id\":\"https:\/\/ubahostel.net\/#website\",\"url\":\"https:\/\/ubahostel.net\/\",\"name\":\"Uba Hostel\",\"description\":\"Uba Hostel en Donostia - San Sebastian\",\"alternateName\":\"Hostel en Donostia - San Sebastian\",\"potentialAction\":[{\"@type\":\"SearchAction\",\"target\":{\"@type\":\"EntryPoint\",\"urlTemplate\":\"https:\/\/ubahostel.net\/?s={search_term_string}\"},\"query-input\":{\"@type\":\"PropertyValueSpecification\",\"valueRequired\":true,\"valueName\":\"search_term_string\"}}],\"inLanguage\":\"fr-FR\"}]}<\/script>\n<!-- \/ Yoast SEO plugin. -->","yoast_head_json":{"title":"Nous sommes un projet d'emploi inclusif | Uba Hostel","robots":{"index":"index","follow":"follow","max-snippet":"max-snippet:-1","max-image-preview":"max-image-preview:large","max-video-preview":"max-video-preview:-1"},"canonical":"https:\/\/ubahostel.net\/fr\/nous-sommes-un-projet-demploi-inclusif\/","og_locale":"fr_FR","og_type":"article","og_title":"Nous sommes un projet d'emploi inclusif | Uba Hostel","og_description":"Nous sommes un projet d'emploi inclusifUBA Hostel participe \u00e0 un projet innovant pour offrir des opportunit\u00e9s de travail et am\u00e9liorer l\u2019employabilit\u00e9 de collectifs pr\u00e9sentant des difficult\u00e9s d\u2019insertion professionnelle sp\u00e9cifiques. Il s\u2019agit d\u2019une initiative g\u00e9r\u00e9e par la Sociedad Fomento de San Sebasti\u00e1n, au travers de l\u2019entreprise d\u2019insertion Suspertu S.L, avec le soutien d\u2019EDE Fundazioa. Le projet [&hellip;]","og_url":"https:\/\/ubahostel.net\/fr\/nous-sommes-un-projet-demploi-inclusif\/","og_site_name":"Uba Hostel","article_modified_time":"2024-04-08T14:53:38+00:00","og_image":[{"width":305,"height":246,"url":"https:\/\/ubahostel.net\/wp-content\/uploads\/2024\/03\/UbaHostel-V1.jpg","type":"image\/jpeg"}],"twitter_card":"summary_large_image","twitter_misc":{"Dur\u00e9e de lecture estim\u00e9e":"3 minutes"},"schema":{"@context":"https:\/\/schema.org","@graph":[{"@type":"WebPage","@id":"https:\/\/ubahostel.net\/fr\/nous-sommes-un-projet-demploi-inclusif\/","url":"https:\/\/ubahostel.net\/fr\/nous-sommes-un-projet-demploi-inclusif\/","name":"Nous sommes un projet d'emploi inclusif | Uba Hostel","isPartOf":{"@id":"https:\/\/ubahostel.net\/#website"},"datePublished":"2024-03-26T14:51:47+00:00","dateModified":"2024-04-08T14:53:38+00:00","breadcrumb":{"@id":"https:\/\/ubahostel.net\/fr\/nous-sommes-un-projet-demploi-inclusif\/#breadcrumb"},"inLanguage":"fr-FR","potentialAction":[{"@type":"ReadAction","target":["https:\/\/ubahostel.net\/fr\/nous-sommes-un-projet-demploi-inclusif\/"]}]},{"@type":"BreadcrumbList","@id":"https:\/\/ubahostel.net\/fr\/nous-sommes-un-projet-demploi-inclusif\/#breadcrumb","itemListElement":[{"@type":"ListItem","position":1,"name":"Portada","item":"https:\/\/ubahostel.net\/fr\/"},{"@type":"ListItem","position":2,"name":"Nous sommes un projet d&#8217;emploi inclusif"}]},{"@type":"WebSite","@id":"https:\/\/ubahostel.net\/#website","url":"https:\/\/ubahostel.net\/","name":"Uba Hostel","description":"Uba Hostel en Donostia - San Sebastian","alternateName":"Hostel en Donostia - San Sebastian","potentialAction":[{"@type":"SearchAction","target":{"@type":"EntryPoint","urlTemplate":"https:\/\/ubahostel.net\/?s={search_term_string}"},"query-input":{"@type":"PropertyValueSpecification","valueRequired":true,"valueName":"search_term_string"}}],"inLanguage":"fr-FR"}]}},"_links":{"self":[{"href":"https:\/\/ubahostel.net\/fr\/wp-json\/wp\/v2\/pages\/681","targetHints":{"allow":["GET"]}}],"collection":[{"href":"https:\/\/ubahostel.net\/fr\/wp-json\/wp\/v2\/pages"}],"about":[{"href":"https:\/\/ubahostel.net\/fr\/wp-json\/wp\/v2\/types\/page"}],"author":[{"embeddable":true,"href":"https:\/\/ubahostel.net\/fr\/wp-json\/wp\/v2\/users\/1"}],"replies":[{"embeddable":true,"href":"https:\/\/ubahostel.net\/fr\/wp-json\/wp\/v2\/comments?post=681"}],"version-history":[{"count":3,"href":"https:\/\/ubahostel.net\/fr\/wp-json\/wp\/v2\/pages\/681\/revisions"}],"predecessor-version":[{"id":694,"href":"https:\/\/ubahostel.net\/fr\/wp-json\/wp\/v2\/pages\/681\/revisions\/694"}],"wp:attachment":[{"href":"https:\/\/ubahostel.net\/fr\/wp-json\/wp\/v2\/media?parent=681"}],"curies":[{"name":"wp","href":"https:\/\/api.w.org\/{rel}","templated":true}]}}