{"id":737,"date":"2024-03-27T10:36:05","date_gmt":"2024-03-27T09:36:05","guid":{"rendered":"https:\/\/ubahostel.net\/contacto-de-uba-hostel\/"},"modified":"2025-08-20T11:12:33","modified_gmt":"2025-08-20T09:12:33","slug":"contacter-lauberge-uba","status":"publish","type":"page","link":"https:\/\/ubahostel.net\/fr\/contacter-lauberge-uba\/","title":{"rendered":"Contacter l&rsquo;auberge Uba"},"content":{"rendered":"<p>[et_pb_section fb_built=\u00a0\u00bb1&Prime; _builder_version=\u00a0\u00bb4.24.2&Prime; _module_preset=\u00a0\u00bbdefault\u00a0\u00bb use_background_color_gradient=\u00a0\u00bbon\u00a0\u00bb background_color_gradient_stops=\u00a0\u00bbrgba(0,0,0,0.3) 0%|rgba(0,0,0,0.3) 100%\u00a0\u00bb background_color_gradient_overlays_image=\u00a0\u00bbon\u00a0\u00bb background_image=\u00a0\u00bbhttps:\/\/ubahostel.net\/wp-content\/uploads\/2024\/02\/home-fondo.jpg\u00a0\u00bb custom_padding=\u00a0\u00bb||0px||false|false\u00a0\u00bb global_colors_info=\u00a0\u00bb{}\u00a0\u00bb][et_pb_row _builder_version=\u00a0\u00bb4.24.2&Prime; _module_preset=\u00a0\u00bbdefault\u00a0\u00bb global_colors_info=\u00a0\u00bb{}\u00a0\u00bb][et_pb_column type=\u00a0\u00bb4_4&Prime; _builder_version=\u00a0\u00bb4.24.2&Prime; _module_preset=\u00a0\u00bbdefault\u00a0\u00bb global_colors_info=\u00a0\u00bb{}\u00a0\u00bb][et_pb_text admin_label=\u00a0\u00bbTitulo\u00a0\u00bb _builder_version=\u00a0\u00bb4.24.2&Prime; _module_preset=\u00a0\u00bbdefault\u00a0\u00bb text_font_size=\u00a0\u00bb20px\u00a0\u00bb header_font=\u00a0\u00bb|800||on|||||\u00a0\u00bb header_text_align=\u00a0\u00bbcenter\u00a0\u00bb header_font_size=\u00a0\u00bb36px\u00a0\u00bb text_orientation=\u00a0\u00bbcenter\u00a0\u00bb background_layout=\u00a0\u00bbdark\u00a0\u00bb header_text_shadow_style=\u00a0\u00bbpreset1&Prime; global_colors_info=\u00a0\u00bb{}\u00a0\u00bb]<\/p>\n<h1>CONTACTER L&rsquo;AUBERGE UBA<\/h1>\n<p>Dites-nous ce dont vous avez besoin<\/p>\n<p>[\/et_pb_text][\/et_pb_column][\/et_pb_row][\/et_pb_section][et_pb_section fb_built=\u00a0\u00bb1&Prime; _builder_version=\u00a0\u00bb4.24.2&Prime; _module_preset=\u00a0\u00bbdefault\u00a0\u00bb custom_margin=\u00a0\u00bb0px|0px|0px|0px|false|false\u00a0\u00bb custom_padding=\u00a0\u00bb0px|0px|0px|0px|false|false\u00a0\u00bb global_colors_info=\u00a0\u00bb{}\u00a0\u00bb][et_pb_row _builder_version=\u00a0\u00bb4.24.2&Prime; _module_preset=\u00a0\u00bbdefault\u00a0\u00bb width=\u00a0\u00bb100%\u00a0\u00bb max_width=\u00a0\u00bb100%\u00a0\u00bb module_alignment=\u00a0\u00bbcenter\u00a0\u00bb custom_margin=\u00a0\u00bb0px|0px|0px|0px|false|false\u00a0\u00bb custom_padding=\u00a0\u00bb0px|0px|0px|0px|false|false\u00a0\u00bb global_colors_info=\u00a0\u00bb{}\u00a0\u00bb][et_pb_column type=\u00a0\u00bb4_4&Prime; _builder_version=\u00a0\u00bb4.24.2&Prime; _module_preset=\u00a0\u00bbdefault\u00a0\u00bb global_colors_info=\u00a0\u00bb{}\u00a0\u00bb][et_pb_blurb title=\u00a0\u00bbNous sommes un projet social. Venez nous rencontrer !\u00a0\u00bb url=\u00a0\u00bbhttps:\/\/ubahostel.net\/fr\/nous-sommes-un-projet-demploi-inclusif\/\u00a0\u00bb content_max_width=\u00a0\u00bb100%\u00a0\u00bb _builder_version=\u00a0\u00bb4.24.2&Prime; _module_preset=\u00a0\u00bbdefault\u00a0\u00bb header_level=\u00a0\u00bbh3&Prime; header_font=\u00a0\u00bb|600|||||||\u00a0\u00bb header_text_align=\u00a0\u00bbcenter\u00a0\u00bb header_font_size=\u00a0\u00bb26px\u00a0\u00bb header_line_height=\u00a0\u00bb30px\u00a0\u00bb background_color=\u00a0\u00bb#eeeeee\u00a0\u00bb text_orientation=\u00a0\u00bbcenter\u00a0\u00bb custom_margin=\u00a0\u00bb0px|0px|0px|0px|false|false\u00a0\u00bb custom_padding=\u00a0\u00bb20px|0px|20px|0px|false|false\u00a0\u00bb link_option_url=\u00a0\u00bbhttps:\/\/ubahostel.net\/fr\/nous-sommes-un-projet-demploi-inclusif\/\u00a0\u00bb global_colors_info=\u00a0\u00bb{}\u00a0\u00bb][\/et_pb_blurb][\/et_pb_column][\/et_pb_row][\/et_pb_section][et_pb_section fb_built=\u00a0\u00bb1&Prime; _builder_version=\u00a0\u00bb4.24.2&Prime; _module_preset=\u00a0\u00bbdefault\u00a0\u00bb global_colors_info=\u00a0\u00bb{}\u00a0\u00bb][et_pb_row column_structure=\u00a0\u00bb2_5,3_5&Prime; _builder_version=\u00a0\u00bb4.24.2&Prime; _module_preset=\u00a0\u00bbdefault\u00a0\u00bb global_colors_info=\u00a0\u00bb{}\u00a0\u00bb][et_pb_column type=\u00a0\u00bb2_5&Prime; _builder_version=\u00a0\u00bb4.24.2&Prime; _module_preset=\u00a0\u00bbdefault\u00a0\u00bb global_colors_info=\u00a0\u00bb{}\u00a0\u00bb][et_pb_blurb title=\u00a0\u00bbT\u00e9l\u00e9phone\u00a0\u00bb use_icon=\u00a0\u00bbon\u00a0\u00bb font_icon=\u00a0\u00bb&#xf879;||fa||900&Prime; icon_color=\u00a0\u00bb#ed7306&Prime; image_icon_width=\u00a0\u00bb60px\u00a0\u00bb _builder_version=\u00a0\u00bb4.24.2&Prime; _module_preset=\u00a0\u00bbdefault\u00a0\u00bb header_level=\u00a0\u00bbh2&Prime; header_text_align=\u00a0\u00bbcenter\u00a0\u00bb body_font=\u00a0\u00bb|700|||||||\u00a0\u00bb body_font_size=\u00a0\u00bb30px\u00a0\u00bb text_orientation=\u00a0\u00bbcenter\u00a0\u00bb global_colors_info=\u00a0\u00bb{}\u00a0\u00bb]<\/p>\n<p><a href=\"tel:+34943047277\">943 047 277<\/a><br \/><a href=\"tel:+34652757119 \">652 757 119 <\/a><\/p>\n<p>[\/et_pb_blurb][et_pb_blurb title=\u00a0\u00bbAdresse\u00a0\u00bb use_icon=\u00a0\u00bbon\u00a0\u00bb font_icon=\u00a0\u00bb&#xf3c5;||fa||900&Prime; icon_color=\u00a0\u00bb#ed7306&Prime; image_icon_width=\u00a0\u00bb60px\u00a0\u00bb _builder_version=\u00a0\u00bb4.24.2&Prime; _module_preset=\u00a0\u00bbdefault\u00a0\u00bb header_level=\u00a0\u00bbh2&Prime; header_text_align=\u00a0\u00bbcenter\u00a0\u00bb text_orientation=\u00a0\u00bbcenter\u00a0\u00bb global_colors_info=\u00a0\u00bb{}\u00a0\u00bb]<\/p>\n<p>Camino Uba, 43<br \/>20014 San Sebasti\u00e1n (Guip\u00fazcoa)<\/p>\n<p>[\/et_pb_blurb][et_pb_blurb title=\u00a0\u00bbEmail\u00a0\u00bb use_icon=\u00a0\u00bbon\u00a0\u00bb font_icon=\u00a0\u00bb&#xe076;||divi||400&Prime; icon_color=\u00a0\u00bb#ed7306&Prime; image_icon_width=\u00a0\u00bb60px\u00a0\u00bb _builder_version=\u00a0\u00bb4.24.2&Prime; _module_preset=\u00a0\u00bbdefault\u00a0\u00bb header_level=\u00a0\u00bbh2&Prime; header_text_align=\u00a0\u00bbcenter\u00a0\u00bb text_orientation=\u00a0\u00bbcenter\u00a0\u00bb global_colors_info=\u00a0\u00bb{}\u00a0\u00bb]<\/p>\n<p><a href=\"mailto:info@ubahostel.net\">info@ubahostel.net<\/a><\/p>\n<p>[\/et_pb_blurb][\/et_pb_column][et_pb_column type=\u00a0\u00bb3_5&Prime; _builder_version=\u00a0\u00bb4.24.2&Prime; _module_preset=\u00a0\u00bbdefault\u00a0\u00bb global_colors_info=\u00a0\u00bb{}\u00a0\u00bb][et_pb_text _builder_version=\u00a0\u00bb4.24.2&Prime; _module_preset=\u00a0\u00bbdefault\u00a0\u00bb global_colors_info=\u00a0\u00bb{}\u00a0\u00bb]<\/p>\n<p>Puedes rellenar este sencillo formulario y enseguida nos pondremos en contacto contigo. Muchas Gracias.<\/p>\n<p>[\/et_pb_text][et_pb_contact_form email=\u00a0\u00bbinfo@ubahostel.net, ririarte@edefundazioa.org\u00a0\u00bb success_message=\u00a0\u00bbMerci beaucoup d&rsquo;avoir contact\u00e9 l&rsquo;auberge Uba. Dans un court laps de temps, nous vous contacterons.\u00a0\u00bb submit_button_text=\u00a0\u00bbEnvoyer\u00a0\u00bb _builder_version=\u00a0\u00bb4.27.4&Prime; _module_preset=\u00a0\u00bbdefault\u00a0\u00bb _unique_id=\u00a0\u00bba53954c4-112c-422d-9801-931cda721d11&Prime; custom_button=\u00a0\u00bbon\u00a0\u00bb button_text_color=\u00a0\u00bb#EC770C\u00a0\u00bb button_border_color=\u00a0\u00bb#EC770C\u00a0\u00bb hover_enabled=\u00a0\u00bb0&Prime; global_colors_info=\u00a0\u00bb{}\u00a0\u00bb custom_message=\u00a0\u00bbNombre: %%nombre%%||et_pb_line_break_holder||Email: %%email%%||et_pb_line_break_holder||Tel\u00e9fono: %%telefono%%||et_pb_line_break_holder||Comentario: %%comentario%%\u00a0\u00bb sticky_enabled=\u00a0\u00bb0&Prime;][et_pb_contact_field field_id=\u00a0\u00bbnombre\u00a0\u00bb field_title=\u00a0\u00bbNom *\u00a0\u00bb fullwidth_field=\u00a0\u00bbon\u00a0\u00bb _builder_version=\u00a0\u00bb4.24.2&Prime; global_colors_info=\u00a0\u00bb{}\u00a0\u00bb button_text_size__hover_enabled=\u00a0\u00bboff\u00a0\u00bb button_one_text_size__hover_enabled=\u00a0\u00bboff\u00a0\u00bb button_two_text_size__hover_enabled=\u00a0\u00bboff\u00a0\u00bb button_text_color__hover_enabled=\u00a0\u00bboff\u00a0\u00bb button_one_text_color__hover_enabled=\u00a0\u00bboff\u00a0\u00bb button_two_text_color__hover_enabled=\u00a0\u00bboff\u00a0\u00bb button_border_width__hover_enabled=\u00a0\u00bboff\u00a0\u00bb button_one_border_width__hover_enabled=\u00a0\u00bboff\u00a0\u00bb button_two_border_width__hover_enabled=\u00a0\u00bboff\u00a0\u00bb button_border_color__hover_enabled=\u00a0\u00bboff\u00a0\u00bb button_one_border_color__hover_enabled=\u00a0\u00bboff\u00a0\u00bb button_two_border_color__hover_enabled=\u00a0\u00bboff\u00a0\u00bb button_border_radius__hover_enabled=\u00a0\u00bboff\u00a0\u00bb button_one_border_radius__hover_enabled=\u00a0\u00bboff\u00a0\u00bb button_two_border_radius__hover_enabled=\u00a0\u00bboff\u00a0\u00bb button_letter_spacing__hover_enabled=\u00a0\u00bboff\u00a0\u00bb button_one_letter_spacing__hover_enabled=\u00a0\u00bboff\u00a0\u00bb button_two_letter_spacing__hover_enabled=\u00a0\u00bboff\u00a0\u00bb button_bg_color__hover_enabled=\u00a0\u00bboff\u00a0\u00bb button_one_bg_color__hover_enabled=\u00a0\u00bboff\u00a0\u00bb button_two_bg_color__hover_enabled=\u00a0\u00bboff\u00a0\u00bb][\/et_pb_contact_field][et_pb_contact_field field_id=\u00a0\u00bbtelefono\u00a0\u00bb field_title=\u00a0\u00bbT\u00e9l\u00e9phone\u00a0\u00bb field_type=\u00a0\u00bbemail\u00a0\u00bb fullwidth_field=\u00a0\u00bbon\u00a0\u00bb _builder_version=\u00a0\u00bb4.24.2&Prime; global_colors_info=\u00a0\u00bb{}\u00a0\u00bb button_text_size__hover_enabled=\u00a0\u00bboff\u00a0\u00bb button_one_text_size__hover_enabled=\u00a0\u00bboff\u00a0\u00bb button_two_text_size__hover_enabled=\u00a0\u00bboff\u00a0\u00bb button_text_color__hover_enabled=\u00a0\u00bboff\u00a0\u00bb button_one_text_color__hover_enabled=\u00a0\u00bboff\u00a0\u00bb button_two_text_color__hover_enabled=\u00a0\u00bboff\u00a0\u00bb button_border_width__hover_enabled=\u00a0\u00bboff\u00a0\u00bb button_one_border_width__hover_enabled=\u00a0\u00bboff\u00a0\u00bb button_two_border_width__hover_enabled=\u00a0\u00bboff\u00a0\u00bb button_border_color__hover_enabled=\u00a0\u00bboff\u00a0\u00bb button_one_border_color__hover_enabled=\u00a0\u00bboff\u00a0\u00bb button_two_border_color__hover_enabled=\u00a0\u00bboff\u00a0\u00bb button_border_radius__hover_enabled=\u00a0\u00bboff\u00a0\u00bb button_one_border_radius__hover_enabled=\u00a0\u00bboff\u00a0\u00bb button_two_border_radius__hover_enabled=\u00a0\u00bboff\u00a0\u00bb button_letter_spacing__hover_enabled=\u00a0\u00bboff\u00a0\u00bb button_one_letter_spacing__hover_enabled=\u00a0\u00bboff\u00a0\u00bb button_two_letter_spacing__hover_enabled=\u00a0\u00bboff\u00a0\u00bb button_bg_color__hover_enabled=\u00a0\u00bboff\u00a0\u00bb button_one_bg_color__hover_enabled=\u00a0\u00bboff\u00a0\u00bb button_two_bg_color__hover_enabled=\u00a0\u00bboff\u00a0\u00bb][\/et_pb_contact_field][et_pb_contact_field field_id=\u00a0\u00bbemail\u00a0\u00bb field_title=\u00a0\u00bbEmail *\u00a0\u00bb field_type=\u00a0\u00bbemail\u00a0\u00bb fullwidth_field=\u00a0\u00bbon\u00a0\u00bb _builder_version=\u00a0\u00bb4.24.2&Prime; global_colors_info=\u00a0\u00bb{}\u00a0\u00bb button_text_size__hover_enabled=\u00a0\u00bboff\u00a0\u00bb button_one_text_size__hover_enabled=\u00a0\u00bboff\u00a0\u00bb button_two_text_size__hover_enabled=\u00a0\u00bboff\u00a0\u00bb button_text_color__hover_enabled=\u00a0\u00bboff\u00a0\u00bb button_one_text_color__hover_enabled=\u00a0\u00bboff\u00a0\u00bb button_two_text_color__hover_enabled=\u00a0\u00bboff\u00a0\u00bb button_border_width__hover_enabled=\u00a0\u00bboff\u00a0\u00bb button_one_border_width__hover_enabled=\u00a0\u00bboff\u00a0\u00bb button_two_border_width__hover_enabled=\u00a0\u00bboff\u00a0\u00bb button_border_color__hover_enabled=\u00a0\u00bboff\u00a0\u00bb button_one_border_color__hover_enabled=\u00a0\u00bboff\u00a0\u00bb button_two_border_color__hover_enabled=\u00a0\u00bboff\u00a0\u00bb button_border_radius__hover_enabled=\u00a0\u00bboff\u00a0\u00bb button_one_border_radius__hover_enabled=\u00a0\u00bboff\u00a0\u00bb button_two_border_radius__hover_enabled=\u00a0\u00bboff\u00a0\u00bb button_letter_spacing__hover_enabled=\u00a0\u00bboff\u00a0\u00bb button_one_letter_spacing__hover_enabled=\u00a0\u00bboff\u00a0\u00bb button_two_letter_spacing__hover_enabled=\u00a0\u00bboff\u00a0\u00bb button_bg_color__hover_enabled=\u00a0\u00bboff\u00a0\u00bb button_one_bg_color__hover_enabled=\u00a0\u00bboff\u00a0\u00bb button_two_bg_color__hover_enabled=\u00a0\u00bboff\u00a0\u00bb][\/et_pb_contact_field][et_pb_contact_field field_id=\u00a0\u00bbcomentario\u00a0\u00bb field_title=\u00a0\u00bbCommentaire *\u00a0\u00bb field_type=\u00a0\u00bbtext\u00a0\u00bb fullwidth_field=\u00a0\u00bbon\u00a0\u00bb _builder_version=\u00a0\u00bb4.24.2&Prime; _module_preset=\u00a0\u00bbdefault\u00a0\u00bb global_colors_info=\u00a0\u00bb{}\u00a0\u00bb][\/et_pb_contact_field][et_pb_contact_field field_id=\u00a0\u00bbprivacidad\u00a0\u00bb field_title=\u00a0\u00bb \u00a0\u00bb field_type=\u00a0\u00bbcheckbox\u00a0\u00bb checkbox_options=\u00a0\u00bb%91{%22value%22:%22J&rsquo;accepte la politique de confidentialit\u00e9 (obligatoire)%22,%22checked%22:0,%22dragID%22:-1}%93&Prime; fullwidth_field=\u00a0\u00bbon\u00a0\u00bb _builder_version=\u00a0\u00bb4.24.2&Prime; _module_preset=\u00a0\u00bbdefault\u00a0\u00bb global_colors_info=\u00a0\u00bb{}\u00a0\u00bb][\/et_pb_contact_field][\/et_pb_contact_form][et_pb_text _builder_version=\u00a0\u00bb4.24.2&Prime; _module_preset=\u00a0\u00bbdefault\u00a0\u00bb global_colors_info=\u00a0\u00bb{}\u00a0\u00bb]<\/p>\n<p><strong>Informations de base sur la protection des donn\u00e9es:<br \/><\/strong>Conform\u00e9ment aux dispositions du r\u00e8glement applicable en mati\u00e8re de protection des donn\u00e9es, nous vous informons que vos donn\u00e9es personnelles recueillies par l\u2019interm\u00e9diaire du pr\u00e9sent formulaire seront trait\u00e9es par AYUNTAMIENTO DE SAN SEBASTIAN, agissant en qualit\u00e9 de responsable du traitement et que ces informations seront g\u00e9r\u00e9es par SUSPERTU, S.L. qui sera charg\u00e9 de leur traitement en qualit\u00e9 de sous-traitant. La finalit\u00e9 du traitement est l\u2019examen et la gestion de vos demandes d\u2019information et\/ou de contact effectu\u00e9es par l\u2019interm\u00e9diaire du pr\u00e9sent formulaire.<br \/>La lic\u00e9it\u00e9 du traitement repose sur l\u2019article\u00a06.1.e) du R\u00e8glement (UE) 2016\/679 G\u00e9n\u00e9ral de Protection des Donn\u00e9es (RGPD)\u00a0: le traitement est n\u00e9cessaire pour remplir une mission r\u00e9alis\u00e9e dans l\u2019int\u00e9r\u00eat du public ou l\u2019exercice des pouvoirs publics conf\u00e9r\u00e9s au responsable du traitement.<br \/>Il n\u2019est pas pr\u00e9vu de communiquer vos donn\u00e9es \u00e0 des tiers, sauf en cas d\u2019obligation l\u00e9gale, ni de r\u00e9aliser de transfert international de donn\u00e9es.<br \/>Les donn\u00e9es personnelles objet du pr\u00e9sent traitement seront conserv\u00e9es pendant le temps n\u00e9cessaire pour remplir les finalit\u00e9s pour lesquelles elles ont \u00e9t\u00e9 recueillies ainsi que pour faire face aux responsabilit\u00e9s \u00e9ventuelles pouvant d\u00e9couler de ces m\u00eames finalit\u00e9s et du traitement desdites donn\u00e9es. La r\u00e9glementation qui s\u2019appliquera sera celle relative aux archives et \u00e0 la documentation.<br \/>Le cas \u00e9ch\u00e9ant, vous pourrez exercer vos droits d\u2019acc\u00e8s, de rectification, de suppression, ou tous autres droits pr\u00e9vus par la r\u00e9glementation en vigueur relative \u00e0 la protection des donn\u00e9es par l\u2019envoi d\u2019un courrier postal \u00e0 Ayuntamiento de San Sebasti\u00e1n, C\/ Ijentea 1, 20003 Donostia\/San Sebasti\u00e1n, en indiquant en objet \u00ab\u00a0R\u00e9f. Protection des donn\u00e9es\u00a0\u00bb, ou en la contactant par l\u2019interm\u00e9diaire de son <a href=\"https:\/\/www.donostia.eus\/info\/udalinfo\/Tramites.nsf\/fwHomeDesCat\/Padr\u00f3n%20-%20Datos%20personales\/Datos%20personales%20-%20Derechos\/?ReadForm&amp;idioma=cas&amp;id=D580485&amp;des=Ciudadan%EDa\">Si\u00e8ge \u00c9lectronique<\/a>.<br \/>Si vous estimez ne pas avoir pu exercer vos droits de fa\u00e7on satisfaisante, vous disposez du droit \u00e0 pr\u00e9senter une r\u00e9clamation devant l\u2019Agence basque de Protection des Donn\u00e9es. Adresse\u00a0: C\/ Beato Tom\u00e1s de Zum\u00e1rraga, 71 \u2013 3\u00aa planta \u2013 01008 Vitoria-Gasteiz. En premi\u00e8re instance, vous pouvez toutefois pr\u00e9senter une r\u00e9clamation aupr\u00e8s du\/de la D\u00e9l\u00e9gu\u00e9(e) \u00e0 la Protection des donn\u00e9es de Donostia \/ San Sebastian\u00a0: <a href=\"mailto:dbo@donostia.eus\">dbo@donostia.eus<\/a>.<\/p>\n<p>[\/et_pb_text][\/et_pb_column][\/et_pb_row][\/et_pb_section]<\/p>\n","protected":false},"excerpt":{"rendered":"<p>CONTACTER L&rsquo;AUBERGE UBA Dites-nous ce dont vous avez besoin943 047 277652 757 119 Camino Uba, 4320014 San Sebasti\u00e1n (Guip\u00fazcoa)info@ubahostel.netPuedes rellenar este sencillo formulario y enseguida nos pondremos en contacto contigo. Muchas Gracias.Informations de base sur la protection des donn\u00e9es:Conform\u00e9ment aux dispositions du r\u00e8glement applicable en mati\u00e8re de protection des donn\u00e9es, nous vous informons que vos [&hellip;]<\/p>\n","protected":false},"author":1,"featured_media":0,"parent":0,"menu_order":0,"comment_status":"closed","ping_status":"closed","template":"","meta":{"_et_pb_use_builder":"on","_et_pb_old_content":"","_et_gb_content_width":"","_exactmetrics_skip_tracking":false,"_exactmetrics_sitenote_active":false,"_exactmetrics_sitenote_note":"","_exactmetrics_sitenote_category":0,"footnotes":""},"class_list":["post-737","page","type-page","status-publish","hentry"],"yoast_head":"<!-- This site is optimized with the Yoast SEO plugin v26.4 - https:\/\/yoast.com\/wordpress\/plugins\/seo\/ -->\n<title>Contacter l&#039;auberge Uba | Uba Hostel<\/title>\n<meta name=\"robots\" content=\"index, follow, max-snippet:-1, max-image-preview:large, max-video-preview:-1\" \/>\n<link rel=\"canonical\" href=\"https:\/\/ubahostel.net\/fr\/contacter-lauberge-uba\/\" \/>\n<meta property=\"og:locale\" content=\"fr_FR\" \/>\n<meta property=\"og:type\" content=\"article\" \/>\n<meta property=\"og:title\" content=\"Contacter l&#039;auberge Uba | Uba Hostel\" \/>\n<meta property=\"og:description\" content=\"CONTACTER L&#039;AUBERGE UBA Dites-nous ce dont vous avez besoin943 047 277652 757 119 Camino Uba, 4320014 San Sebasti\u00e1n (Guip\u00fazcoa)info@ubahostel.netPuedes rellenar este sencillo formulario y enseguida nos pondremos en contacto contigo. Muchas Gracias.Informations de base sur la protection des donn\u00e9es:Conform\u00e9ment aux dispositions du r\u00e8glement applicable en mati\u00e8re de protection des donn\u00e9es, nous vous informons que vos [&hellip;]\" \/>\n<meta property=\"og:url\" content=\"https:\/\/ubahostel.net\/fr\/contacter-lauberge-uba\/\" \/>\n<meta property=\"og:site_name\" content=\"Uba Hostel\" \/>\n<meta property=\"article:modified_time\" content=\"2025-08-20T09:12:33+00:00\" \/>\n<meta property=\"og:image\" content=\"https:\/\/ubahostel.net\/wp-content\/uploads\/2024\/03\/UbaHostel-V1.jpg\" \/>\n\t<meta property=\"og:image:width\" content=\"305\" \/>\n\t<meta property=\"og:image:height\" content=\"246\" \/>\n\t<meta property=\"og:image:type\" content=\"image\/jpeg\" \/>\n<meta name=\"twitter:card\" content=\"summary_large_image\" \/>\n<meta name=\"twitter:label1\" content=\"Dur\u00e9e de lecture estim\u00e9e\" \/>\n\t<meta name=\"twitter:data1\" content=\"8 minutes\" \/>\n<script type=\"application\/ld+json\" class=\"yoast-schema-graph\">{\"@context\":\"https:\/\/schema.org\",\"@graph\":[{\"@type\":\"WebPage\",\"@id\":\"https:\/\/ubahostel.net\/fr\/contacter-lauberge-uba\/\",\"url\":\"https:\/\/ubahostel.net\/fr\/contacter-lauberge-uba\/\",\"name\":\"Contacter l'auberge Uba | Uba Hostel\",\"isPartOf\":{\"@id\":\"https:\/\/ubahostel.net\/#website\"},\"datePublished\":\"2024-03-27T09:36:05+00:00\",\"dateModified\":\"2025-08-20T09:12:33+00:00\",\"breadcrumb\":{\"@id\":\"https:\/\/ubahostel.net\/fr\/contacter-lauberge-uba\/#breadcrumb\"},\"inLanguage\":\"fr-FR\",\"potentialAction\":[{\"@type\":\"ReadAction\",\"target\":[\"https:\/\/ubahostel.net\/fr\/contacter-lauberge-uba\/\"]}]},{\"@type\":\"BreadcrumbList\",\"@id\":\"https:\/\/ubahostel.net\/fr\/contacter-lauberge-uba\/#breadcrumb\",\"itemListElement\":[{\"@type\":\"ListItem\",\"position\":1,\"name\":\"Portada\",\"item\":\"https:\/\/ubahostel.net\/fr\/\"},{\"@type\":\"ListItem\",\"position\":2,\"name\":\"Contacter l&#8217;auberge Uba\"}]},{\"@type\":\"WebSite\",\"@id\":\"https:\/\/ubahostel.net\/#website\",\"url\":\"https:\/\/ubahostel.net\/\",\"name\":\"Uba Hostel\",\"description\":\"Uba Hostel en Donostia - San Sebastian\",\"alternateName\":\"Hostel en Donostia - San Sebastian\",\"potentialAction\":[{\"@type\":\"SearchAction\",\"target\":{\"@type\":\"EntryPoint\",\"urlTemplate\":\"https:\/\/ubahostel.net\/?s={search_term_string}\"},\"query-input\":{\"@type\":\"PropertyValueSpecification\",\"valueRequired\":true,\"valueName\":\"search_term_string\"}}],\"inLanguage\":\"fr-FR\"}]}<\/script>\n<!-- \/ Yoast SEO plugin. -->","yoast_head_json":{"title":"Contacter l'auberge Uba | Uba Hostel","robots":{"index":"index","follow":"follow","max-snippet":"max-snippet:-1","max-image-preview":"max-image-preview:large","max-video-preview":"max-video-preview:-1"},"canonical":"https:\/\/ubahostel.net\/fr\/contacter-lauberge-uba\/","og_locale":"fr_FR","og_type":"article","og_title":"Contacter l'auberge Uba | Uba Hostel","og_description":"CONTACTER L'AUBERGE UBA Dites-nous ce dont vous avez besoin943 047 277652 757 119 Camino Uba, 4320014 San Sebasti\u00e1n (Guip\u00fazcoa)info@ubahostel.netPuedes rellenar este sencillo formulario y enseguida nos pondremos en contacto contigo. Muchas Gracias.Informations de base sur la protection des donn\u00e9es:Conform\u00e9ment aux dispositions du r\u00e8glement applicable en mati\u00e8re de protection des donn\u00e9es, nous vous informons que vos [&hellip;]","og_url":"https:\/\/ubahostel.net\/fr\/contacter-lauberge-uba\/","og_site_name":"Uba Hostel","article_modified_time":"2025-08-20T09:12:33+00:00","og_image":[{"width":305,"height":246,"url":"https:\/\/ubahostel.net\/wp-content\/uploads\/2024\/03\/UbaHostel-V1.jpg","type":"image\/jpeg"}],"twitter_card":"summary_large_image","twitter_misc":{"Dur\u00e9e de lecture estim\u00e9e":"8 minutes"},"schema":{"@context":"https:\/\/schema.org","@graph":[{"@type":"WebPage","@id":"https:\/\/ubahostel.net\/fr\/contacter-lauberge-uba\/","url":"https:\/\/ubahostel.net\/fr\/contacter-lauberge-uba\/","name":"Contacter l'auberge Uba | Uba Hostel","isPartOf":{"@id":"https:\/\/ubahostel.net\/#website"},"datePublished":"2024-03-27T09:36:05+00:00","dateModified":"2025-08-20T09:12:33+00:00","breadcrumb":{"@id":"https:\/\/ubahostel.net\/fr\/contacter-lauberge-uba\/#breadcrumb"},"inLanguage":"fr-FR","potentialAction":[{"@type":"ReadAction","target":["https:\/\/ubahostel.net\/fr\/contacter-lauberge-uba\/"]}]},{"@type":"BreadcrumbList","@id":"https:\/\/ubahostel.net\/fr\/contacter-lauberge-uba\/#breadcrumb","itemListElement":[{"@type":"ListItem","position":1,"name":"Portada","item":"https:\/\/ubahostel.net\/fr\/"},{"@type":"ListItem","position":2,"name":"Contacter l&#8217;auberge Uba"}]},{"@type":"WebSite","@id":"https:\/\/ubahostel.net\/#website","url":"https:\/\/ubahostel.net\/","name":"Uba Hostel","description":"Uba Hostel en Donostia - San Sebastian","alternateName":"Hostel en Donostia - San Sebastian","potentialAction":[{"@type":"SearchAction","target":{"@type":"EntryPoint","urlTemplate":"https:\/\/ubahostel.net\/?s={search_term_string}"},"query-input":{"@type":"PropertyValueSpecification","valueRequired":true,"valueName":"search_term_string"}}],"inLanguage":"fr-FR"}]}},"_links":{"self":[{"href":"https:\/\/ubahostel.net\/fr\/wp-json\/wp\/v2\/pages\/737","targetHints":{"allow":["GET"]}}],"collection":[{"href":"https:\/\/ubahostel.net\/fr\/wp-json\/wp\/v2\/pages"}],"about":[{"href":"https:\/\/ubahostel.net\/fr\/wp-json\/wp\/v2\/types\/page"}],"author":[{"embeddable":true,"href":"https:\/\/ubahostel.net\/fr\/wp-json\/wp\/v2\/users\/1"}],"replies":[{"embeddable":true,"href":"https:\/\/ubahostel.net\/fr\/wp-json\/wp\/v2\/comments?post=737"}],"version-history":[{"count":9,"href":"https:\/\/ubahostel.net\/fr\/wp-json\/wp\/v2\/pages\/737\/revisions"}],"predecessor-version":[{"id":2028,"href":"https:\/\/ubahostel.net\/fr\/wp-json\/wp\/v2\/pages\/737\/revisions\/2028"}],"wp:attachment":[{"href":"https:\/\/ubahostel.net\/fr\/wp-json\/wp\/v2\/media?parent=737"}],"curies":[{"name":"wp","href":"https:\/\/api.w.org\/{rel}","templated":true}]}}