{"id":766,"date":"2024-03-27T12:23:44","date_gmt":"2024-03-27T11:23:44","guid":{"rendered":"https:\/\/ubahostel.net\/preguntas-frecuentes-sobre-uba-hostel\/"},"modified":"2024-04-09T09:54:41","modified_gmt":"2024-04-09T07:54:41","slug":"questions-frequentes-concernant-uba-hostel","status":"publish","type":"page","link":"https:\/\/ubahostel.net\/fr\/questions-frequentes-concernant-uba-hostel\/","title":{"rendered":"Questions Fr\u00e9quentes concernant Uba Hostel"},"content":{"rendered":"<p>[et_pb_section fb_built=\u00a0\u00bb1&Prime; _builder_version=\u00a0\u00bb4.24.2&Prime; _module_preset=\u00a0\u00bbdefault\u00a0\u00bb use_background_color_gradient=\u00a0\u00bbon\u00a0\u00bb background_color_gradient_stops=\u00a0\u00bbrgba(0,0,0,0.3) 0%|rgba(0,0,0,0.3) 100%\u00a0\u00bb background_color_gradient_overlays_image=\u00a0\u00bbon\u00a0\u00bb background_image=\u00a0\u00bbhttps:\/\/ubahostel.net\/wp-content\/uploads\/2024\/02\/home-fondo.jpg\u00a0\u00bb custom_padding=\u00a0\u00bb||0px||false|false\u00a0\u00bb global_colors_info=\u00a0\u00bb{}\u00a0\u00bb][et_pb_row _builder_version=\u00a0\u00bb4.24.2&Prime; _module_preset=\u00a0\u00bbdefault\u00a0\u00bb global_colors_info=\u00a0\u00bb{}\u00a0\u00bb][et_pb_column type=\u00a0\u00bb4_4&Prime; _builder_version=\u00a0\u00bb4.24.2&Prime; _module_preset=\u00a0\u00bbdefault\u00a0\u00bb global_colors_info=\u00a0\u00bb{}\u00a0\u00bb][et_pb_text admin_label=\u00a0\u00bbTitulo\u00a0\u00bb _builder_version=\u00a0\u00bb4.24.2&Prime; _module_preset=\u00a0\u00bbdefault\u00a0\u00bb text_font_size=\u00a0\u00bb20px\u00a0\u00bb header_font=\u00a0\u00bb|800||on|||||\u00a0\u00bb header_text_align=\u00a0\u00bbcenter\u00a0\u00bb header_font_size=\u00a0\u00bb36px\u00a0\u00bb text_orientation=\u00a0\u00bbcenter\u00a0\u00bb background_layout=\u00a0\u00bbdark\u00a0\u00bb header_text_shadow_style=\u00a0\u00bbpreset1&Prime; global_colors_info=\u00a0\u00bb{}\u00a0\u00bb]<\/p>\n<h1>Questions Fr\u00e9quentes<\/h1>\n<div class=\"et_pb_row et_pb_row_0\">\n<div class=\"et_pb_column et_pb_column_4_4 et_pb_column_0 et_pb_css_mix_blend_mode_passthrough et-last-child\">\n<div class=\"et_pb_module et_pb_text et_pb_text_0 et_pb_text_align_center et_pb_bg_layout_dark\">\n<div class=\"et_pb_text_inner\">\n<p>Vous avez des questions?<\/p>\n<\/div>\n<\/div>\n<\/div>\n<\/div>\n<p>[\/et_pb_text][\/et_pb_column][\/et_pb_row][\/et_pb_section][et_pb_section fb_built=\u00a0\u00bb1&Prime; _builder_version=\u00a0\u00bb4.24.2&Prime; _module_preset=\u00a0\u00bbdefault\u00a0\u00bb global_colors_info=\u00a0\u00bb{}\u00a0\u00bb][et_pb_row _builder_version=\u00a0\u00bb4.24.2&Prime; _module_preset=\u00a0\u00bbdefault\u00a0\u00bb global_colors_info=\u00a0\u00bb{}\u00a0\u00bb][et_pb_column type=\u00a0\u00bb4_4&Prime; _builder_version=\u00a0\u00bb4.24.2&Prime; _module_preset=\u00a0\u00bbdefault\u00a0\u00bb global_colors_info=\u00a0\u00bb{}\u00a0\u00bb][et_pb_text _builder_version=\u00a0\u00bb4.24.2&Prime; _module_preset=\u00a0\u00bbdefault\u00a0\u00bb global_colors_info=\u00a0\u00bb{}\u00a0\u00bb]<\/p>\n<h2>L\u2019auberge et ses installations<\/h2>\n<p>[\/et_pb_text][et_pb_toggle title=\u00a0\u00bbQu\u2019est-ce qu\u2019une auberge touristique ?\u00a0\u00bb _builder_version=\u00a0\u00bb4.24.2&Prime; _module_preset=\u00a0\u00bbdefault\u00a0\u00bb global_colors_info=\u00a0\u00bb{}\u00a0\u00bb]<\/p>\n<p>Une auberge touristique est un h\u00e9bergement \u00e9conomique de bonne qualit\u00e9 dans lequel vous passerez une bonne nuit, dans une ambiance accueillante et \u00e0 des prix accessibles. Les auberges sont la mani\u00e8re id\u00e9ale d\u2019explorer une ville ou une destination touristique \u00e0 peu de frais, tout en rencontrant des personnes de cultures diff\u00e9rentes.<\/p>\n<p>[\/et_pb_toggle][et_pb_toggle title=\u00a0\u00bbDois-je apporter des draps et des serviettes de toilette ?\u00a0\u00bb _builder_version=\u00a0\u00bb4.24.2&Prime; _module_preset=\u00a0\u00bbdefault\u00a0\u00bb global_colors_info=\u00a0\u00bb{}\u00a0\u00bb]<\/p>\n<p>Les draps sont inclus dans le prix. Vous pourrez y louer des serviettes de toilette.<\/p>\n<p>[\/et_pb_toggle][et_pb_toggle title=\u00a0\u00bbQuels sont les services propos\u00e9s par Uba Hostel ?\u00a0\u00bb _builder_version=\u00a0\u00bb4.24.2&Prime; _module_preset=\u00a0\u00bbdefault\u00a0\u00bb global_colors_info=\u00a0\u00bb{}\u00a0\u00bb]<\/p>\n<p>L&rsquo;auberge propose de nombreux services ; wifi gratuit dans tout l&rsquo;\u00e9tablissement, laverie, bar-restaurant, parking, location de serviettes, informations touristiques, \u00e9crans de t\u00e9l\u00e9vision dans les espaces communs&#8230;<\/p>\n<p>[\/et_pb_toggle][et_pb_toggle title=\u00a0\u00bbY a-t-il des chambres adapt\u00e9es ?\u00a0\u00bb _builder_version=\u00a0\u00bb4.24.2&Prime; _module_preset=\u00a0\u00bbdefault\u00a0\u00bb global_colors_info=\u00a0\u00bb{}\u00a0\u00bb]<\/p>\n<p>Oui, l\u2019auberge dispose de plusieurs chambres adapt\u00e9es.<\/p>\n<p>[\/et_pb_toggle][et_pb_toggle title=\u00a0\u00bbEst-il possible de cuisiner \u00e0 l&rsquo;auberge ?\u00a0\u00bb _builder_version=\u00a0\u00bb4.24.2&Prime; _module_preset=\u00a0\u00bbdefault\u00a0\u00bb global_colors_info=\u00a0\u00bb{}\u00a0\u00bb]<\/p>\n<p>Non, nous disposons d&rsquo;un bar-restaurant o\u00f9 vous pourrez acc\u00e9der \u00e0 tous ses services.<\/p>\n<p>[\/et_pb_toggle][et_pb_toggle title=\u00a0\u00bbL&rsquo;auberge est-elle ouverte toute la journ\u00e9e ?\u00a0\u00bb _builder_version=\u00a0\u00bb4.24.2&Prime; _module_preset=\u00a0\u00bbdefault\u00a0\u00bb global_colors_info=\u00a0\u00bb{}\u00a0\u00bb]<\/p>\n<p>Il est ouvert toute la journ\u00e9e : avec votre carte vous pouvez aller et venir quand vous le souhaitez.<\/p>\n<p>[\/et_pb_toggle][et_pb_toggle title=\u00a0\u00bbY a-t-il une consigne \u00e0 bagages, une bagagerie ou des coffres pour objets de valeur ?\u00a0\u00bb _builder_version=\u00a0\u00bb4.24.2&Prime; _module_preset=\u00a0\u00bbdefault\u00a0\u00bb global_colors_info=\u00a0\u00bb{}\u00a0\u00bb]<\/p>\n<p>Service gratuit.<\/p>\n<p>[\/et_pb_toggle][\/et_pb_column][\/et_pb_row][et_pb_row _builder_version=\u00a0\u00bb4.24.2&Prime; _module_preset=\u00a0\u00bbdefault\u00a0\u00bb global_colors_info=\u00a0\u00bb{}\u00a0\u00bb][et_pb_column type=\u00a0\u00bb4_4&Prime; _builder_version=\u00a0\u00bb4.24.2&Prime; _module_preset=\u00a0\u00bbdefault\u00a0\u00bb global_colors_info=\u00a0\u00bb{}\u00a0\u00bb][et_pb_text _builder_version=\u00a0\u00bb4.24.2&Prime; _module_preset=\u00a0\u00bbdefault\u00a0\u00bb global_colors_info=\u00a0\u00bb{}\u00a0\u00bb]<\/p>\n<h2>R\u00e9servations<\/h2>\n<p>[\/et_pb_text][et_pb_toggle title=\u00a0\u00bbPuis-je faire une r\u00e9servation \u00e0 l\u2019auberge \u00e0 l\u2019avance ?\u00a0\u00bb _builder_version=\u00a0\u00bb4.24.2&Prime; _module_preset=\u00a0\u00bbdefault\u00a0\u00bb global_colors_info=\u00a0\u00bb{}\u00a0\u00bb]<\/p>\n<p>Oui, nous conseillons toujours de r\u00e9server \u00e0 l&rsquo;avance, sinon vous risquez de ne pas trouver de place.<\/p>\n<p>[\/et_pb_toggle][et_pb_toggle title=\u00a0\u00bbComment faire une r\u00e9servation ?\u00a0\u00bb _builder_version=\u00a0\u00bb4.24.2&Prime; _module_preset=\u00a0\u00bbdefault\u00a0\u00bb global_colors_info=\u00a0\u00bb{}\u00a0\u00bb]<\/p>\n<p>C&rsquo;est tr\u00e8s simple. Vous devez vous rendre sur notre site Internet, remplir le formulaire, v\u00e9rifier et suivre les instructions.<\/p>\n<p>[\/et_pb_toggle][\/et_pb_column][\/et_pb_row][et_pb_row _builder_version=\u00a0\u00bb4.24.2&Prime; _module_preset=\u00a0\u00bbdefault\u00a0\u00bb global_colors_info=\u00a0\u00bb{}\u00a0\u00bb][et_pb_column type=\u00a0\u00bb4_4&Prime; _builder_version=\u00a0\u00bb4.24.2&Prime; _module_preset=\u00a0\u00bbdefault\u00a0\u00bb global_colors_info=\u00a0\u00bb{}\u00a0\u00bb][et_pb_text _builder_version=\u00a0\u00bb4.24.2&Prime; _module_preset=\u00a0\u00bbdefault\u00a0\u00bb global_colors_info=\u00a0\u00bb{}\u00a0\u00bb]<\/p>\n<h2>Utilisateurs<\/h2>\n<p>[\/et_pb_text][et_pb_toggle title=\u00a0\u00bbLes auberges de jeunesse sont-elles un bon endroit pour passer des vacances en famille ?\u00a0\u00bb _builder_version=\u00a0\u00bb4.24.2&Prime; _module_preset=\u00a0\u00bbdefault\u00a0\u00bb global_colors_info=\u00a0\u00bb{}\u00a0\u00bb]<\/p>\n<p>Oui biensur. C&rsquo;est un environnement agr\u00e9able et accueillant. Si vous essayez de passer des vacances dans une auberge, vous r\u00e9p\u00e9terez s\u00fbrement.<\/p>\n<p>[\/et_pb_toggle][\/et_pb_column][\/et_pb_row][\/et_pb_section]<\/p>\n","protected":false},"excerpt":{"rendered":"<p>Questions Fr\u00e9quentes Vous avez des questions? L\u2019auberge et ses installationsUne auberge touristique est un h\u00e9bergement \u00e9conomique de bonne qualit\u00e9 dans lequel vous passerez une bonne nuit, dans une ambiance accueillante et \u00e0 des prix accessibles. Les auberges sont la mani\u00e8re id\u00e9ale d\u2019explorer une ville ou une destination touristique \u00e0 peu de frais, tout en rencontrant [&hellip;]<\/p>\n","protected":false},"author":1,"featured_media":0,"parent":0,"menu_order":0,"comment_status":"closed","ping_status":"closed","template":"","meta":{"_et_pb_use_builder":"on","_et_pb_old_content":"","_et_gb_content_width":"","_exactmetrics_skip_tracking":false,"_exactmetrics_sitenote_active":false,"_exactmetrics_sitenote_note":"","_exactmetrics_sitenote_category":0,"footnotes":""},"class_list":["post-766","page","type-page","status-publish","hentry"],"yoast_head":"<!-- This site is optimized with the Yoast SEO plugin v26.4 - https:\/\/yoast.com\/wordpress\/plugins\/seo\/ -->\n<title>Questions Fr\u00e9quentes concernant Uba Hostel | Uba Hostel<\/title>\n<meta name=\"robots\" content=\"index, follow, max-snippet:-1, max-image-preview:large, max-video-preview:-1\" \/>\n<link rel=\"canonical\" href=\"https:\/\/ubahostel.net\/fr\/questions-frequentes-concernant-uba-hostel\/\" \/>\n<meta property=\"og:locale\" content=\"fr_FR\" \/>\n<meta property=\"og:type\" content=\"article\" \/>\n<meta property=\"og:title\" content=\"Questions Fr\u00e9quentes concernant Uba Hostel | Uba Hostel\" \/>\n<meta property=\"og:description\" content=\"Questions Fr\u00e9quentes Vous avez des questions? L\u2019auberge et ses installationsUne auberge touristique est un h\u00e9bergement \u00e9conomique de bonne qualit\u00e9 dans lequel vous passerez une bonne nuit, dans une ambiance accueillante et \u00e0 des prix accessibles. Les auberges sont la mani\u00e8re id\u00e9ale d\u2019explorer une ville ou une destination touristique \u00e0 peu de frais, tout en rencontrant [&hellip;]\" \/>\n<meta property=\"og:url\" content=\"https:\/\/ubahostel.net\/fr\/questions-frequentes-concernant-uba-hostel\/\" \/>\n<meta property=\"og:site_name\" content=\"Uba Hostel\" \/>\n<meta property=\"article:modified_time\" content=\"2024-04-09T07:54:41+00:00\" \/>\n<meta property=\"og:image\" content=\"https:\/\/ubahostel.net\/wp-content\/uploads\/2024\/03\/UbaHostel-V1.jpg\" \/>\n\t<meta property=\"og:image:width\" content=\"305\" \/>\n\t<meta property=\"og:image:height\" content=\"246\" \/>\n\t<meta property=\"og:image:type\" content=\"image\/jpeg\" \/>\n<meta name=\"twitter:card\" content=\"summary_large_image\" \/>\n<meta name=\"twitter:label1\" content=\"Dur\u00e9e de lecture estim\u00e9e\" \/>\n\t<meta name=\"twitter:data1\" content=\"4 minutes\" \/>\n<script type=\"application\/ld+json\" class=\"yoast-schema-graph\">{\"@context\":\"https:\/\/schema.org\",\"@graph\":[{\"@type\":\"WebPage\",\"@id\":\"https:\/\/ubahostel.net\/fr\/questions-frequentes-concernant-uba-hostel\/\",\"url\":\"https:\/\/ubahostel.net\/fr\/questions-frequentes-concernant-uba-hostel\/\",\"name\":\"Questions Fr\u00e9quentes concernant Uba Hostel | Uba Hostel\",\"isPartOf\":{\"@id\":\"https:\/\/ubahostel.net\/#website\"},\"datePublished\":\"2024-03-27T11:23:44+00:00\",\"dateModified\":\"2024-04-09T07:54:41+00:00\",\"breadcrumb\":{\"@id\":\"https:\/\/ubahostel.net\/fr\/questions-frequentes-concernant-uba-hostel\/#breadcrumb\"},\"inLanguage\":\"fr-FR\",\"potentialAction\":[{\"@type\":\"ReadAction\",\"target\":[\"https:\/\/ubahostel.net\/fr\/questions-frequentes-concernant-uba-hostel\/\"]}]},{\"@type\":\"BreadcrumbList\",\"@id\":\"https:\/\/ubahostel.net\/fr\/questions-frequentes-concernant-uba-hostel\/#breadcrumb\",\"itemListElement\":[{\"@type\":\"ListItem\",\"position\":1,\"name\":\"Portada\",\"item\":\"https:\/\/ubahostel.net\/fr\/\"},{\"@type\":\"ListItem\",\"position\":2,\"name\":\"Questions Fr\u00e9quentes concernant Uba Hostel\"}]},{\"@type\":\"WebSite\",\"@id\":\"https:\/\/ubahostel.net\/#website\",\"url\":\"https:\/\/ubahostel.net\/\",\"name\":\"Uba Hostel\",\"description\":\"Uba Hostel en Donostia - San Sebastian\",\"alternateName\":\"Hostel en Donostia - San Sebastian\",\"potentialAction\":[{\"@type\":\"SearchAction\",\"target\":{\"@type\":\"EntryPoint\",\"urlTemplate\":\"https:\/\/ubahostel.net\/?s={search_term_string}\"},\"query-input\":{\"@type\":\"PropertyValueSpecification\",\"valueRequired\":true,\"valueName\":\"search_term_string\"}}],\"inLanguage\":\"fr-FR\"}]}<\/script>\n<!-- \/ Yoast SEO plugin. -->","yoast_head_json":{"title":"Questions Fr\u00e9quentes concernant Uba Hostel | Uba Hostel","robots":{"index":"index","follow":"follow","max-snippet":"max-snippet:-1","max-image-preview":"max-image-preview:large","max-video-preview":"max-video-preview:-1"},"canonical":"https:\/\/ubahostel.net\/fr\/questions-frequentes-concernant-uba-hostel\/","og_locale":"fr_FR","og_type":"article","og_title":"Questions Fr\u00e9quentes concernant Uba Hostel | Uba Hostel","og_description":"Questions Fr\u00e9quentes Vous avez des questions? L\u2019auberge et ses installationsUne auberge touristique est un h\u00e9bergement \u00e9conomique de bonne qualit\u00e9 dans lequel vous passerez une bonne nuit, dans une ambiance accueillante et \u00e0 des prix accessibles. Les auberges sont la mani\u00e8re id\u00e9ale d\u2019explorer une ville ou une destination touristique \u00e0 peu de frais, tout en rencontrant [&hellip;]","og_url":"https:\/\/ubahostel.net\/fr\/questions-frequentes-concernant-uba-hostel\/","og_site_name":"Uba Hostel","article_modified_time":"2024-04-09T07:54:41+00:00","og_image":[{"width":305,"height":246,"url":"https:\/\/ubahostel.net\/wp-content\/uploads\/2024\/03\/UbaHostel-V1.jpg","type":"image\/jpeg"}],"twitter_card":"summary_large_image","twitter_misc":{"Dur\u00e9e de lecture estim\u00e9e":"4 minutes"},"schema":{"@context":"https:\/\/schema.org","@graph":[{"@type":"WebPage","@id":"https:\/\/ubahostel.net\/fr\/questions-frequentes-concernant-uba-hostel\/","url":"https:\/\/ubahostel.net\/fr\/questions-frequentes-concernant-uba-hostel\/","name":"Questions Fr\u00e9quentes concernant Uba Hostel | Uba Hostel","isPartOf":{"@id":"https:\/\/ubahostel.net\/#website"},"datePublished":"2024-03-27T11:23:44+00:00","dateModified":"2024-04-09T07:54:41+00:00","breadcrumb":{"@id":"https:\/\/ubahostel.net\/fr\/questions-frequentes-concernant-uba-hostel\/#breadcrumb"},"inLanguage":"fr-FR","potentialAction":[{"@type":"ReadAction","target":["https:\/\/ubahostel.net\/fr\/questions-frequentes-concernant-uba-hostel\/"]}]},{"@type":"BreadcrumbList","@id":"https:\/\/ubahostel.net\/fr\/questions-frequentes-concernant-uba-hostel\/#breadcrumb","itemListElement":[{"@type":"ListItem","position":1,"name":"Portada","item":"https:\/\/ubahostel.net\/fr\/"},{"@type":"ListItem","position":2,"name":"Questions Fr\u00e9quentes concernant Uba Hostel"}]},{"@type":"WebSite","@id":"https:\/\/ubahostel.net\/#website","url":"https:\/\/ubahostel.net\/","name":"Uba Hostel","description":"Uba Hostel en Donostia - San Sebastian","alternateName":"Hostel en Donostia - San Sebastian","potentialAction":[{"@type":"SearchAction","target":{"@type":"EntryPoint","urlTemplate":"https:\/\/ubahostel.net\/?s={search_term_string}"},"query-input":{"@type":"PropertyValueSpecification","valueRequired":true,"valueName":"search_term_string"}}],"inLanguage":"fr-FR"}]}},"_links":{"self":[{"href":"https:\/\/ubahostel.net\/fr\/wp-json\/wp\/v2\/pages\/766","targetHints":{"allow":["GET"]}}],"collection":[{"href":"https:\/\/ubahostel.net\/fr\/wp-json\/wp\/v2\/pages"}],"about":[{"href":"https:\/\/ubahostel.net\/fr\/wp-json\/wp\/v2\/types\/page"}],"author":[{"embeddable":true,"href":"https:\/\/ubahostel.net\/fr\/wp-json\/wp\/v2\/users\/1"}],"replies":[{"embeddable":true,"href":"https:\/\/ubahostel.net\/fr\/wp-json\/wp\/v2\/comments?post=766"}],"version-history":[{"count":3,"href":"https:\/\/ubahostel.net\/fr\/wp-json\/wp\/v2\/pages\/766\/revisions"}],"predecessor-version":[{"id":776,"href":"https:\/\/ubahostel.net\/fr\/wp-json\/wp\/v2\/pages\/766\/revisions\/776"}],"wp:attachment":[{"href":"https:\/\/ubahostel.net\/fr\/wp-json\/wp\/v2\/media?parent=766"}],"curies":[{"name":"wp","href":"https:\/\/api.w.org\/{rel}","templated":true}]}}